{"id":1572,"date":"2020-06-22T18:58:39","date_gmt":"2020-06-22T16:58:39","guid":{"rendered":"http:\/\/www.happy-culture.fr\/?page_id=1572"},"modified":"2022-03-30T12:13:26","modified_gmt":"2022-03-30T10:13:26","slug":"elementor-1572","status":"publish","type":"page","link":"https:\/\/www.happy-culture.fr\/en\/","title":{"rendered":"Happy Culture"},"content":{"rendered":"<div data-elementor-type=\"wp-page\" data-elementor-id=\"1572\" class=\"elementor elementor-1572\">\n\t\t\t\t\t\t\t\t\t<section class=\"elementor-section elementor-top-section elementor-element elementor-element-cc1ad2b elementor-section-boxed elementor-section-height-default elementor-section-height-default\" data-id=\"cc1ad2b\" data-element_type=\"section\">\n\t\t\t\t\t\t<div class=\"elementor-container elementor-column-gap-default\">\n\t\t\t\t\t<div class=\"elementor-column elementor-col-100 elementor-top-column elementor-element elementor-element-ff53cd5\" data-id=\"ff53cd5\" data-element_type=\"column\">\n\t\t\t<div class=\"elementor-widget-wrap elementor-element-populated\">\n\t\t\t\t\t\t\t\t<div class=\"elementor-element elementor-element-1de82e5 elementor-widget elementor-widget-heading\" data-id=\"1de82e5\" data-element_type=\"widget\" data-widget_type=\"heading.default\">\n\t\t\t\t<div class=\"elementor-widget-container\">\n\t\t\t<h2 class=\"elementor-heading-title elementor-size-medium\">The benefits of guided tours<\/h2>\t\t<\/div>\n\t\t\t\t<\/div>\n\t\t\t\t\t<\/div>\n\t\t<\/div>\n\t\t\t\t\t\t\t<\/div>\n\t\t<\/section>\n\t\t\t\t<section class=\"elementor-section elementor-top-section elementor-element elementor-element-4b29e9c elementor-section-boxed elementor-section-height-default elementor-section-height-default\" data-id=\"4b29e9c\" data-element_type=\"section\">\n\t\t\t\t\t\t<div class=\"elementor-container elementor-column-gap-default\">\n\t\t\t\t\t<div class=\"elementor-column elementor-col-100 elementor-top-column elementor-element elementor-element-eb3afa3\" data-id=\"eb3afa3\" data-element_type=\"column\">\n\t\t\t<div class=\"elementor-widget-wrap elementor-element-populated\">\n\t\t\t\t\t\t\t\t<div class=\"elementor-element elementor-element-332da2e elementor-widget elementor-widget-text-editor\" data-id=\"332da2e\" data-element_type=\"widget\" data-widget_type=\"text-editor.default\">\n\t\t\t\t<div class=\"elementor-widget-container\">\n\t\t\t\t\t\t\t<p class=\"MsoNormal translation-block\" style=\"text-align: justify;\">Taking a guided tour means slowing down, taking the time to let yourself be guided, to wander around and discover things you never expected to see. Cities and monuments are full of treasures, legends and true stories that are just waiting to be revealed. Often, we pass these things, without even looking at them, if we do this, their secrets will not be revealed.<\/p><p class=\"MsoNormal\" style=\"text-align: justify;\"><span style=\"font-family: 'Bahnschrift Light Condensed',sans-serif;\">Taking a guided tour is like going on treasure hunt without knowing where it will lead you! Are you curious enough to find outTaking a guided tour is like going on treasure hunt without knowing where it will lead you\u202f! Are you curious enough to find outTaking a guided tour is like going on treasure hunt without knowing where it will lead you! Are you curious enough to find out?<\/span><\/p>\t\t\t\t\t\t<\/div>\n\t\t\t\t<\/div>\n\t\t\t\t\t<\/div>\n\t\t<\/div>\n\t\t\t\t\t\t\t<\/div>\n\t\t<\/section>\n\t\t\t\t<section class=\"elementor-section elementor-top-section elementor-element elementor-element-5b020d7 elementor-section-boxed elementor-section-height-default elementor-section-height-default\" data-id=\"5b020d7\" data-element_type=\"section\">\n\t\t\t\t\t\t<div class=\"elementor-container elementor-column-gap-default\">\n\t\t\t\t\t<div class=\"elementor-column elementor-col-100 elementor-top-column elementor-element elementor-element-8aa1a59\" data-id=\"8aa1a59\" data-element_type=\"column\">\n\t\t\t<div class=\"elementor-widget-wrap elementor-element-populated\">\n\t\t\t\t\t\t\t\t<div class=\"elementor-element elementor-element-eb0c887 elementor-widget elementor-widget-heading\" data-id=\"eb0c887\" data-element_type=\"widget\" data-widget_type=\"heading.default\">\n\t\t\t\t<div class=\"elementor-widget-container\">\n\t\t\t<h2 class=\"elementor-heading-title elementor-size-medium\">Happy Culture and you<\/h2>\t\t<\/div>\n\t\t\t\t<\/div>\n\t\t\t\t\t<\/div>\n\t\t<\/div>\n\t\t\t\t\t\t\t<\/div>\n\t\t<\/section>\n\t\t\t\t<section class=\"elementor-section elementor-top-section elementor-element elementor-element-95846a6 elementor-section-boxed elementor-section-height-default elementor-section-height-default\" data-id=\"95846a6\" data-element_type=\"section\">\n\t\t\t\t\t\t<div class=\"elementor-container elementor-column-gap-default\">\n\t\t\t\t\t<div class=\"elementor-column elementor-col-100 elementor-top-column elementor-element elementor-element-d98e4cd\" data-id=\"d98e4cd\" data-element_type=\"column\">\n\t\t\t<div class=\"elementor-widget-wrap elementor-element-populated\">\n\t\t\t\t\t\t\t\t<div class=\"elementor-element elementor-element-33d0a0f elementor-widget elementor-widget-text-editor\" data-id=\"33d0a0f\" data-element_type=\"widget\" data-widget_type=\"text-editor.default\">\n\t\t\t\t<div class=\"elementor-widget-container\">\n\t\t\t\t\t\t\t<p class=\"MsoNormal\" style=\"text-align: justify;\"><span style=\"font-family: 'Bahnschrift Light Condensed',sans-serif;\">Happy Culture offers you a choice of guided tours - please take a look to give yourself some ideas. <\/span><\/p><p class=\"MsoNormal\" style=\"text-align: justify;\">All guided tours are available in English, French and German.<\/p>\n<p style=\"text-align: justify;\">\n<\/p><p class=\"MsoNormal\" style=\"text-align: justify;\"><span style=\"font-family: 'Bahnschrift Light Condensed',sans-serif;\">Happy Culture adapts to your preferences\u202f: Share your plans with me to create a personalised guided tour!<\/span><\/p>\t\t\t\t\t\t<\/div>\n\t\t\t\t<\/div>\n\t\t\t\t\t<\/div>\n\t\t<\/div>\n\t\t\t\t\t\t\t<\/div>\n\t\t<\/section>\n\t\t\t\t<section class=\"elementor-section elementor-top-section elementor-element elementor-element-eb84435 elementor-section-boxed elementor-section-height-default elementor-section-height-default\" data-id=\"eb84435\" data-element_type=\"section\">\n\t\t\t\t\t\t<div class=\"elementor-container elementor-column-gap-default\">\n\t\t\t\t\t<div class=\"elementor-column elementor-col-100 elementor-top-column elementor-element elementor-element-1d8c92e\" data-id=\"1d8c92e\" data-element_type=\"column\">\n\t\t\t<div class=\"elementor-widget-wrap elementor-element-populated\">\n\t\t\t\t\t\t\t\t<div class=\"elementor-element elementor-element-a3a8c8d elementor-widget elementor-widget-image\" data-id=\"a3a8c8d\" data-element_type=\"widget\" data-widget_type=\"image.default\">\n\t\t\t\t<div class=\"elementor-widget-container\">\n\t\t\t\t\t\t\t\t\t\t\t\t\t\t\t<img decoding=\"async\" src=\"https:\/\/www.happy-culture.fr\/wp-content\/uploads\/elementor\/thumbs\/Happy-culture-4-pmme8kz948pq92d96ry731x6p62p8pyyi9eoux2mho.png\" title=\"Happy culture (4)\" alt=\"Happy culture (4)\" loading=\"lazy\" \/>\t\t\t\t\t\t\t\t\t\t\t\t\t\t\t<\/div>\n\t\t\t\t<\/div>\n\t\t\t\t\t<\/div>\n\t\t<\/div>\n\t\t\t\t\t\t\t<\/div>\n\t\t<\/section>\n\t\t\t\t\t\t\t<\/div>","protected":false},"excerpt":{"rendered":"<p>Le petit plus des visites guid\u00e9es Faire une visite guid\u00e9e, c\u2019est ralentir, prendre le temps de se laisser porter, de se balader pour d\u00e9couvrir des choses insoup\u00e7onn\u00e9es. Les villes et monuments regorgent de tr\u00e9sors, de l\u00e9gendes et d\u2019histoires vraies qui ne demandent qu\u2019\u00e0 \u00eatre d\u00e9livr\u00e9s si l\u2019on ne passe pas \u00e0 c\u00f4t\u00e9 sans m\u00eame les [&hellip;]<\/p>","protected":false},"author":1,"featured_media":0,"parent":0,"menu_order":0,"comment_status":"closed","ping_status":"closed","template":"","meta":{"footnotes":""},"acf":[],"_links":{"self":[{"href":"https:\/\/www.happy-culture.fr\/en\/wp-json\/wp\/v2\/pages\/1572"}],"collection":[{"href":"https:\/\/www.happy-culture.fr\/en\/wp-json\/wp\/v2\/pages"}],"about":[{"href":"https:\/\/www.happy-culture.fr\/en\/wp-json\/wp\/v2\/types\/page"}],"author":[{"embeddable":true,"href":"https:\/\/www.happy-culture.fr\/en\/wp-json\/wp\/v2\/users\/1"}],"replies":[{"embeddable":true,"href":"https:\/\/www.happy-culture.fr\/en\/wp-json\/wp\/v2\/comments?post=1572"}],"version-history":[{"count":11,"href":"https:\/\/www.happy-culture.fr\/en\/wp-json\/wp\/v2\/pages\/1572\/revisions"}],"predecessor-version":[{"id":1721,"href":"https:\/\/www.happy-culture.fr\/en\/wp-json\/wp\/v2\/pages\/1572\/revisions\/1721"}],"wp:attachment":[{"href":"https:\/\/www.happy-culture.fr\/en\/wp-json\/wp\/v2\/media?parent=1572"}],"curies":[{"name":"wp","href":"https:\/\/api.w.org\/{rel}","templated":true}]}}