{"id":1519,"date":"2020-06-12T11:29:20","date_gmt":"2020-06-12T09:29:20","guid":{"rendered":"http:\/\/www.happy-culture.fr\/?page_id=1519"},"modified":"2024-12-16T11:12:44","modified_gmt":"2024-12-16T10:12:44","slug":"hors-des-sentiers-battus","status":"publish","type":"page","link":"https:\/\/www.happy-culture.fr\/en\/hors-des-sentiers-battus\/","title":{"rendered":"Outside of the box"},"content":{"rendered":"<div data-elementor-type=\"wp-page\" data-elementor-id=\"1519\" class=\"elementor elementor-1519\">\n\t\t\t\t\t\t\t\t\t<section class=\"elementor-section elementor-top-section elementor-element elementor-element-ec1d688 elementor-section-boxed elementor-section-height-default elementor-section-height-default\" data-id=\"ec1d688\" data-element_type=\"section\">\n\t\t\t\t\t\t<div class=\"elementor-container elementor-column-gap-default\">\n\t\t\t\t\t<div class=\"elementor-column elementor-col-100 elementor-top-column elementor-element elementor-element-7579869f\" data-id=\"7579869f\" data-element_type=\"column\">\n\t\t\t<div class=\"elementor-widget-wrap elementor-element-populated\">\n\t\t\t\t\t\t\t\t<div class=\"elementor-element elementor-element-5f39d023 elementor-widget elementor-widget-text-editor\" data-id=\"5f39d023\" data-element_type=\"widget\" data-widget_type=\"text-editor.default\">\n\t\t\t\t<div class=\"elementor-widget-container\">\n\t\t\t\t\t\t\t<p style=\"text-align: center;\">You are no stranger to Lyon, and you want to explore different neighbourhoods and themes. Then these tours \"outside of the box\" will suit you!<\/p>\t\t\t\t\t\t<\/div>\n\t\t\t\t<\/div>\n\t\t\t\t\t<\/div>\n\t\t<\/div>\n\t\t\t\t\t\t\t<\/div>\n\t\t<\/section>\n\t\t\t\t<section class=\"elementor-section elementor-top-section elementor-element elementor-element-41ca5ae elementor-section-boxed elementor-section-height-default elementor-section-height-default\" data-id=\"41ca5ae\" data-element_type=\"section\">\n\t\t\t\t\t\t<div class=\"elementor-container elementor-column-gap-default\">\n\t\t\t\t\t<div class=\"elementor-column elementor-col-100 elementor-top-column elementor-element elementor-element-dc2a772\" data-id=\"dc2a772\" data-element_type=\"column\">\n\t\t\t<div class=\"elementor-widget-wrap elementor-element-populated\">\n\t\t\t\t\t\t\t\t<div class=\"elementor-element elementor-element-d1c5429 elementor-widget elementor-widget-heading\" data-id=\"d1c5429\" data-element_type=\"widget\" data-widget_type=\"heading.default\">\n\t\t\t\t<div class=\"elementor-widget-container\">\n\t\t\t<h2 class=\"elementor-heading-title elementor-size-medium\">Lyon-Confluence : from the wasteland to ecodistrict<\/h2>\t\t<\/div>\n\t\t\t\t<\/div>\n\t\t\t\t\t<\/div>\n\t\t<\/div>\n\t\t\t\t\t\t\t<\/div>\n\t\t<\/section>\n\t\t\t\t<section class=\"elementor-section elementor-top-section elementor-element elementor-element-4ee0d08 elementor-section-boxed elementor-section-height-default elementor-section-height-default\" data-id=\"4ee0d08\" data-element_type=\"section\">\n\t\t\t\t\t\t<div class=\"elementor-container elementor-column-gap-default\">\n\t\t\t\t\t<div class=\"elementor-column elementor-col-66 elementor-top-column elementor-element elementor-element-8aa9622\" data-id=\"8aa9622\" data-element_type=\"column\">\n\t\t\t<div class=\"elementor-widget-wrap elementor-element-populated\">\n\t\t\t\t\t\t\t\t<div class=\"elementor-element elementor-element-20bd89f elementor-widget elementor-widget-text-editor\" data-id=\"20bd89f\" data-element_type=\"widget\" data-widget_type=\"text-editor.default\">\n\t\t\t\t<div class=\"elementor-widget-container\">\n\t\t\t\t\t\t\t<p class=\"MsoNormal\" style=\"text-align: justify;\"><span style=\"font-size: 12.0pt; line-height: 107%; font-family: 'Bahnschrift Light Condensed',sans-serif; mso-no-proof: yes;\">Come and discover this former industrial district which has become one of the largest eco-districts in Europe! By redeveloping this 150-hectare district, the city of Lyon has doubled the size of its city centre and made it a showcase for ecological and contemporary architecture. Previously deserted by the people of Lyon, The Confluence has become a lively and trendy district that allows us to imagine our cities of the future. Architects from all over the world have participated in this project, which has been a place of architectural experimentation for them.<\/span><\/p>\t\t\t\t\t\t<\/div>\n\t\t\t\t<\/div>\n\t\t\t\t\t<\/div>\n\t\t<\/div>\n\t\t\t\t<div class=\"elementor-column elementor-col-33 elementor-top-column elementor-element elementor-element-fcfdca7\" data-id=\"fcfdca7\" data-element_type=\"column\">\n\t\t\t<div class=\"elementor-widget-wrap elementor-element-populated\">\n\t\t\t\t\t\t\t\t<div class=\"elementor-element elementor-element-21295ca elementor-widget elementor-widget-image\" data-id=\"21295ca\" data-element_type=\"widget\" data-widget_type=\"image.default\">\n\t\t\t\t<div class=\"elementor-widget-container\">\n\t\t\t\t\t\t\t\t\t\t\t\t\t\t\t<img decoding=\"async\" loading=\"lazy\" width=\"768\" height=\"512\" src=\"https:\/\/www.happy-culture.fr\/wp-content\/uploads\/2021\/03\/IMG_6938-1024x683.jpg\" class=\"attachment-large size-large wp-image-1670\" alt=\"\" srcset=\"https:\/\/www.happy-culture.fr\/wp-content\/uploads\/2021\/03\/IMG_6938-1024x683.jpg 1024w, https:\/\/www.happy-culture.fr\/wp-content\/uploads\/2021\/03\/IMG_6938-300x200.jpg 300w, https:\/\/www.happy-culture.fr\/wp-content\/uploads\/2021\/03\/IMG_6938-768x512.jpg 768w, https:\/\/www.happy-culture.fr\/wp-content\/uploads\/2021\/03\/IMG_6938-1536x1024.jpg 1536w, https:\/\/www.happy-culture.fr\/wp-content\/uploads\/2021\/03\/IMG_6938-2048x1365.jpg 2048w\" sizes=\"(max-width: 768px) 100vw, 768px\" \/>\t\t\t\t\t\t\t\t\t\t\t\t\t\t\t<\/div>\n\t\t\t\t<\/div>\n\t\t\t\t\t<\/div>\n\t\t<\/div>\n\t\t\t\t\t\t\t<\/div>\n\t\t<\/section>\n\t\t\t\t<section class=\"elementor-section elementor-top-section elementor-element elementor-element-8bd0bf1 elementor-section-boxed elementor-section-height-default elementor-section-height-default\" data-id=\"8bd0bf1\" data-element_type=\"section\">\n\t\t\t\t\t\t<div class=\"elementor-container elementor-column-gap-default\">\n\t\t\t\t\t<div class=\"elementor-column elementor-col-100 elementor-top-column elementor-element elementor-element-0617315\" data-id=\"0617315\" data-element_type=\"column\">\n\t\t\t<div class=\"elementor-widget-wrap elementor-element-populated\">\n\t\t\t\t\t\t\t\t<div class=\"elementor-element elementor-element-1cdcbd2 elementor-widget elementor-widget-heading\" data-id=\"1cdcbd2\" data-element_type=\"widget\" data-widget_type=\"heading.default\">\n\t\t\t\t<div class=\"elementor-widget-container\">\n\t\t\t<h2 class=\"elementor-heading-title elementor-size-medium\">The Ghosts of Lyon's Grand H\u00f4tel-Dieu<\/h2>\t\t<\/div>\n\t\t\t\t<\/div>\n\t\t\t\t\t<\/div>\n\t\t<\/div>\n\t\t\t\t\t\t\t<\/div>\n\t\t<\/section>\n\t\t\t\t<section class=\"elementor-section elementor-top-section elementor-element elementor-element-d42fb79 elementor-section-boxed elementor-section-height-default elementor-section-height-default\" data-id=\"d42fb79\" data-element_type=\"section\">\n\t\t\t\t\t\t<div class=\"elementor-container elementor-column-gap-default\">\n\t\t\t\t\t<div class=\"elementor-column elementor-col-66 elementor-top-column elementor-element elementor-element-2427e7d\" data-id=\"2427e7d\" data-element_type=\"column\">\n\t\t\t<div class=\"elementor-widget-wrap elementor-element-populated\">\n\t\t\t\t\t\t\t\t<div class=\"elementor-element elementor-element-1599d01 elementor-widget elementor-widget-text-editor\" data-id=\"1599d01\" data-element_type=\"widget\" data-widget_type=\"text-editor.default\">\n\t\t\t\t<div class=\"elementor-widget-container\">\n\t\t\t\t\t\t\t<p class=\"MsoNormal\" style=\"text-align: justify;\"><span style=\"font-size: 12.0pt; line-height: 107%; font-family: 'Bahnschrift Light Condensed',sans-serif; mso-no-proof: yes;\">What do the Pont d'Avignon, Rabelais, the Pantheon in Paris and Auguste Lumi\u00e8re have in common? The Grand H\u00f4tel-Dieu of Lyon, of course!<\/span><\/p>\n<p class=\"MsoNormal\" style=\"text-align: justify;\"><span style=\"font-family: 'Bahnschrift Light Condensed', sans-serif; font-size: 12pt;\">A beloved building for the people of Lyon who were born here up to 2010, this monument tells us about eight centuries of Lyon's history and the history of medicine. Reopened in 2019 after having undergone the largest private conversions, we can once again wander from courtyard to courtyard and admire the tremendous work of the craftsmen and workers who restored these 40,000 m2 area. Moving between past and present, we will discover the many ghosts that still inhabit the building, but also its current occupants.<\/span><sup style=\"font-family: 'Bahnschrift Light Condensed', sans-serif;\">2<\/sup><span style=\"font-family: 'Bahnschrift Light Condensed', sans-serif; font-size: 12pt;\">. Entre pass\u00e9 et pr\u00e9sent, nous d\u00e9couvrirons les nombreux fant\u00f4mes qui peuplent encore le b\u00e2timent mais \u00e9galement ses occupants actuels.<\/span><\/p>\t\t\t\t\t\t<\/div>\n\t\t\t\t<\/div>\n\t\t\t\t\t<\/div>\n\t\t<\/div>\n\t\t\t\t<div class=\"elementor-column elementor-col-33 elementor-top-column elementor-element elementor-element-5033f94\" data-id=\"5033f94\" data-element_type=\"column\">\n\t\t\t<div class=\"elementor-widget-wrap elementor-element-populated\">\n\t\t\t\t\t\t\t\t<div class=\"elementor-element elementor-element-4a02e27 elementor-widget elementor-widget-image\" data-id=\"4a02e27\" data-element_type=\"widget\" data-widget_type=\"image.default\">\n\t\t\t\t<div class=\"elementor-widget-container\">\n\t\t\t\t\t\t\t\t\t\t\t\t\t\t\t<img decoding=\"async\" loading=\"lazy\" width=\"683\" height=\"1024\" src=\"https:\/\/www.happy-culture.fr\/wp-content\/uploads\/2020\/07\/IMG_63803-683x1024.jpg\" class=\"attachment-large size-large wp-image-1622\" alt=\"\" srcset=\"https:\/\/www.happy-culture.fr\/wp-content\/uploads\/2020\/07\/IMG_63803-683x1024.jpg 683w, https:\/\/www.happy-culture.fr\/wp-content\/uploads\/2020\/07\/IMG_63803-200x300.jpg 200w, https:\/\/www.happy-culture.fr\/wp-content\/uploads\/2020\/07\/IMG_63803-768x1152.jpg 768w, https:\/\/www.happy-culture.fr\/wp-content\/uploads\/2020\/07\/IMG_63803-1024x1536.jpg 1024w, https:\/\/www.happy-culture.fr\/wp-content\/uploads\/2020\/07\/IMG_63803-1365x2048.jpg 1365w, https:\/\/www.happy-culture.fr\/wp-content\/uploads\/2020\/07\/IMG_63803-scaled.jpg 1707w\" sizes=\"(max-width: 683px) 100vw, 683px\" \/>\t\t\t\t\t\t\t\t\t\t\t\t\t\t\t<\/div>\n\t\t\t\t<\/div>\n\t\t\t\t\t<\/div>\n\t\t<\/div>\n\t\t\t\t\t\t\t<\/div>\n\t\t<\/section>\n\t\t\t\t<section class=\"elementor-section elementor-top-section elementor-element elementor-element-50c988d elementor-section-boxed elementor-section-height-default elementor-section-height-default\" data-id=\"50c988d\" data-element_type=\"section\">\n\t\t\t\t\t\t<div class=\"elementor-container elementor-column-gap-default\">\n\t\t\t\t\t<div class=\"elementor-column elementor-col-100 elementor-top-column elementor-element elementor-element-c2e1251\" data-id=\"c2e1251\" data-element_type=\"column\">\n\t\t\t<div class=\"elementor-widget-wrap elementor-element-populated\">\n\t\t\t\t\t\t\t\t<div class=\"elementor-element elementor-element-3894635 elementor-widget elementor-widget-heading\" data-id=\"3894635\" data-element_type=\"widget\" data-widget_type=\"heading.default\">\n\t\t\t\t<div class=\"elementor-widget-container\">\n\t\t\t<h2 class=\"elementor-heading-title elementor-size-medium\">Lyon, Capital of the Resistance<\/h2>\t\t<\/div>\n\t\t\t\t<\/div>\n\t\t\t\t\t<\/div>\n\t\t<\/div>\n\t\t\t\t\t\t\t<\/div>\n\t\t<\/section>\n\t\t\t\t<section class=\"elementor-section elementor-top-section elementor-element elementor-element-3c96e58 elementor-section-boxed elementor-section-height-default elementor-section-height-default\" data-id=\"3c96e58\" data-element_type=\"section\">\n\t\t\t\t\t\t<div class=\"elementor-container elementor-column-gap-default\">\n\t\t\t\t\t<div class=\"elementor-column elementor-col-66 elementor-top-column elementor-element elementor-element-4857b49\" data-id=\"4857b49\" data-element_type=\"column\">\n\t\t\t<div class=\"elementor-widget-wrap elementor-element-populated\">\n\t\t\t\t\t\t\t\t<div class=\"elementor-element elementor-element-5b4a86d elementor-widget elementor-widget-text-editor\" data-id=\"5b4a86d\" data-element_type=\"widget\" data-widget_type=\"text-editor.default\">\n\t\t\t\t<div class=\"elementor-widget-container\">\n\t\t\t\t\t\t\t<p class=\"MsoNormal translation-block\">\"This Gallic capital became then the capital of french Resistance\"<\/p><p class=\"MsoNormal\" style=\"text-align: right;\" align=\"right\"><span style=\"font-size: 12.0pt; line-height: 107%; font-family: 'Bahnschrift Light Condensed',sans-serif; mso-bidi-font-family: 'Bahnschrift Light Condensed'; mso-no-proof: yes;\">(Speach of the General de Gaulle, 14 September 1944, Lyon City Hall)<\/span><\/p><p class=\"MsoNormal\" style=\"text-align: justify;\" align=\"right\"><span style=\"font-family: 'Bahnschrift Light Condensed', sans-serif; font-size: 12pt;\">Choose your nicknames! Don't forget your counterfeit papers! We are going to discover Lyon\u2019s most important places during the Second World War. The headquarters of the Gestapo or the French Militia, a clandestine printing works, the headquarters of an underground intelligence network or secret meeting places. You will be plunged into the heart of this troubled period which saw the birth of heroes such as Lucie Aubrac or Jean Moulin.<\/span><\/p><p class=\"MsoNormal\" style=\"text-align: justify;\"><span style=\"font-family: 'Bahnschrift Light Condensed', sans-serif; font-size: 12pt;\">And who knows? Perhaps we will discover that Lyon was not only the capital of the Resistance?<\/span><\/p>\t\t\t\t\t\t<\/div>\n\t\t\t\t<\/div>\n\t\t\t\t\t<\/div>\n\t\t<\/div>\n\t\t\t\t<div class=\"elementor-column elementor-col-33 elementor-top-column elementor-element elementor-element-2e436ab\" data-id=\"2e436ab\" data-element_type=\"column\">\n\t\t\t<div class=\"elementor-widget-wrap elementor-element-populated\">\n\t\t\t\t\t\t\t\t<div class=\"elementor-element elementor-element-1c383af elementor-widget elementor-widget-image\" data-id=\"1c383af\" data-element_type=\"widget\" data-widget_type=\"image.default\">\n\t\t\t\t<div class=\"elementor-widget-container\">\n\t\t\t\t\t\t\t\t\t\t\t\t\t\t\t<img decoding=\"async\" loading=\"lazy\" width=\"683\" height=\"1024\" src=\"https:\/\/www.happy-culture.fr\/wp-content\/uploads\/2021\/03\/IMG_6862-2-683x1024.jpg\" class=\"attachment-large size-large wp-image-1672\" alt=\"\" srcset=\"https:\/\/www.happy-culture.fr\/wp-content\/uploads\/2021\/03\/IMG_6862-2-683x1024.jpg 683w, https:\/\/www.happy-culture.fr\/wp-content\/uploads\/2021\/03\/IMG_6862-2-200x300.jpg 200w, https:\/\/www.happy-culture.fr\/wp-content\/uploads\/2021\/03\/IMG_6862-2-768x1152.jpg 768w, https:\/\/www.happy-culture.fr\/wp-content\/uploads\/2021\/03\/IMG_6862-2-1024x1536.jpg 1024w, https:\/\/www.happy-culture.fr\/wp-content\/uploads\/2021\/03\/IMG_6862-2-1365x2048.jpg 1365w, https:\/\/www.happy-culture.fr\/wp-content\/uploads\/2021\/03\/IMG_6862-2-scaled.jpg 1707w\" sizes=\"(max-width: 683px) 100vw, 683px\" \/>\t\t\t\t\t\t\t\t\t\t\t\t\t\t\t<\/div>\n\t\t\t\t<\/div>\n\t\t\t\t\t<\/div>\n\t\t<\/div>\n\t\t\t\t\t\t\t<\/div>\n\t\t<\/section>\n\t\t\t\t<section class=\"elementor-section elementor-top-section elementor-element elementor-element-0974e97 elementor-section-boxed elementor-section-height-default elementor-section-height-default\" data-id=\"0974e97\" data-element_type=\"section\">\n\t\t\t\t\t\t<div class=\"elementor-container elementor-column-gap-default\">\n\t\t\t\t\t<div class=\"elementor-column elementor-col-100 elementor-top-column elementor-element elementor-element-4479a78\" data-id=\"4479a78\" data-element_type=\"column\">\n\t\t\t<div class=\"elementor-widget-wrap elementor-element-populated\">\n\t\t\t\t\t\t\t\t<div class=\"elementor-element elementor-element-fbbfccd elementor-widget elementor-widget-heading\" data-id=\"fbbfccd\" data-element_type=\"widget\" data-widget_type=\"heading.default\">\n\t\t\t\t<div class=\"elementor-widget-container\">\n\t\t\t<h2 class=\"elementor-heading-title elementor-size-medium\">Street art Lyon: the ephemeral tour!<\/h2>\t\t<\/div>\n\t\t\t\t<\/div>\n\t\t\t\t\t<\/div>\n\t\t<\/div>\n\t\t\t\t\t\t\t<\/div>\n\t\t<\/section>\n\t\t\t\t<section class=\"elementor-section elementor-top-section elementor-element elementor-element-79cb647 elementor-section-boxed elementor-section-height-default elementor-section-height-default\" data-id=\"79cb647\" data-element_type=\"section\">\n\t\t\t\t\t\t<div class=\"elementor-container elementor-column-gap-default\">\n\t\t\t\t\t<div class=\"elementor-column elementor-col-66 elementor-top-column elementor-element elementor-element-f56f40e\" data-id=\"f56f40e\" data-element_type=\"column\">\n\t\t\t<div class=\"elementor-widget-wrap elementor-element-populated\">\n\t\t\t\t\t\t\t\t<div class=\"elementor-element elementor-element-4f5b939 elementor-widget elementor-widget-text-editor\" data-id=\"4f5b939\" data-element_type=\"widget\" data-widget_type=\"text-editor.default\">\n\t\t\t\t<div class=\"elementor-widget-container\">\n\t\t\t\t\t\t\t<p>\u00a0<\/p><p class=\"MsoNormal\" style=\"text-align: justify;\"><span style=\"font-size: 12.0pt; line-height: 107%; font-family: 'Bahnschrift Light Condensed',sans-serif; mso-no-proof: yes;\">What are we going to see during this tour? \u2026 No idea! Let\u2019s be surprised ! Become a street art hunter during this ephemeral and original tour. We will go into the streets of the Croix-Rousse district wide-eyed and eager to discover the surprises prepared by our street artists :  murals, stickers, stencils, mosaics, sculptures\u2026 There will be something for everybody.<\/span><\/p>\t\t\t\t\t\t<\/div>\n\t\t\t\t<\/div>\n\t\t\t\t\t<\/div>\n\t\t<\/div>\n\t\t\t\t<div class=\"elementor-column elementor-col-33 elementor-top-column elementor-element elementor-element-79ed29e\" data-id=\"79ed29e\" data-element_type=\"column\">\n\t\t\t<div class=\"elementor-widget-wrap elementor-element-populated\">\n\t\t\t\t\t\t\t\t<div class=\"elementor-element elementor-element-48d91ec elementor-widget elementor-widget-image\" data-id=\"48d91ec\" data-element_type=\"widget\" data-widget_type=\"image.default\">\n\t\t\t\t<div class=\"elementor-widget-container\">\n\t\t\t\t\t\t\t\t\t\t\t\t\t\t\t<img decoding=\"async\" loading=\"lazy\" width=\"231\" height=\"300\" src=\"https:\/\/www.happy-culture.fr\/wp-content\/uploads\/2023\/04\/20220111_0956102-231x300.jpg\" class=\"attachment-medium size-medium wp-image-1758\" alt=\"\" srcset=\"https:\/\/www.happy-culture.fr\/wp-content\/uploads\/2023\/04\/20220111_0956102-231x300.jpg 231w, https:\/\/www.happy-culture.fr\/wp-content\/uploads\/2023\/04\/20220111_0956102-789x1024.jpg 789w, https:\/\/www.happy-culture.fr\/wp-content\/uploads\/2023\/04\/20220111_0956102-768x996.jpg 768w, https:\/\/www.happy-culture.fr\/wp-content\/uploads\/2023\/04\/20220111_0956102-1184x1536.jpg 1184w, https:\/\/www.happy-culture.fr\/wp-content\/uploads\/2023\/04\/20220111_0956102-1579x2048.jpg 1579w, https:\/\/www.happy-culture.fr\/wp-content\/uploads\/2023\/04\/20220111_0956102-9x12.jpg 9w, https:\/\/www.happy-culture.fr\/wp-content\/uploads\/2023\/04\/20220111_0956102-scaled.jpg 1973w\" sizes=\"(max-width: 231px) 100vw, 231px\" \/>\t\t\t\t\t\t\t\t\t\t\t\t\t\t\t<\/div>\n\t\t\t\t<\/div>\n\t\t\t\t\t<\/div>\n\t\t<\/div>\n\t\t\t\t\t\t\t<\/div>\n\t\t<\/section>\n\t\t\t\t<section class=\"elementor-section elementor-top-section elementor-element elementor-element-9000fb9 elementor-section-boxed elementor-section-height-default elementor-section-height-default\" data-id=\"9000fb9\" data-element_type=\"section\">\n\t\t\t\t\t\t<div class=\"elementor-container elementor-column-gap-default\">\n\t\t\t\t\t<div class=\"elementor-column elementor-col-100 elementor-top-column elementor-element elementor-element-ad2a467\" data-id=\"ad2a467\" data-element_type=\"column\">\n\t\t\t<div class=\"elementor-widget-wrap elementor-element-populated\">\n\t\t\t\t\t\t\t\t<div class=\"elementor-element elementor-element-d2d581d elementor-widget elementor-widget-heading\" data-id=\"d2d581d\" data-element_type=\"widget\" data-widget_type=\"heading.default\">\n\t\t\t\t<div class=\"elementor-widget-container\">\n\t\t\t<h2 class=\"elementor-heading-title elementor-size-default\">Prices &amp; information<\/h2>\t\t<\/div>\n\t\t\t\t<\/div>\n\t\t\t\t\t<\/div>\n\t\t<\/div>\n\t\t\t\t\t\t\t<\/div>\n\t\t<\/section>\n\t\t\t\t<section class=\"elementor-section elementor-top-section elementor-element elementor-element-ec886d2 elementor-section-boxed elementor-section-height-default elementor-section-height-default\" data-id=\"ec886d2\" data-element_type=\"section\">\n\t\t\t\t\t\t<div class=\"elementor-container elementor-column-gap-default\">\n\t\t\t\t\t<div class=\"elementor-column elementor-col-100 elementor-top-column elementor-element elementor-element-66db32b\" data-id=\"66db32b\" data-element_type=\"column\">\n\t\t\t<div class=\"elementor-widget-wrap elementor-element-populated\">\n\t\t\t\t\t\t\t\t<div class=\"elementor-element elementor-element-021dc11 elementor-widget elementor-widget-text-editor\" data-id=\"021dc11\" data-element_type=\"widget\" data-widget_type=\"text-editor.default\">\n\t\t\t\t<div class=\"elementor-widget-container\">\n\t\t\t\t\t\t\t<p>Groups of up to 30 people (except for restrictions in sites and museums)<\/p><p>Duration of the tour : 2 hours<\/p><p>Price: \u20ac200<\/p><p>E-mail: contact@happy-culture.fr<\/p>\t\t\t\t\t\t<\/div>\n\t\t\t\t<\/div>\n\t\t\t\t\t<\/div>\n\t\t<\/div>\n\t\t\t\t\t\t\t<\/div>\n\t\t<\/section>\n\t\t\t\t<section class=\"elementor-section elementor-top-section elementor-element elementor-element-ad2eadb elementor-section-boxed elementor-section-height-default elementor-section-height-default\" data-id=\"ad2eadb\" data-element_type=\"section\">\n\t\t\t\t\t\t<div class=\"elementor-container elementor-column-gap-default\">\n\t\t\t\t\t<div class=\"elementor-column elementor-col-100 elementor-top-column elementor-element elementor-element-18fbb02\" data-id=\"18fbb02\" data-element_type=\"column\">\n\t\t\t<div class=\"elementor-widget-wrap elementor-element-populated\">\n\t\t\t\t\t\t\t\t<div class=\"elementor-element elementor-element-94f8a46 elementor-widget elementor-widget-image\" data-id=\"94f8a46\" data-element_type=\"widget\" data-widget_type=\"image.default\">\n\t\t\t\t<div class=\"elementor-widget-container\">\n\t\t\t\t\t\t\t\t\t\t\t\t\t\t\t<img decoding=\"async\" src=\"https:\/\/www.happy-culture.fr\/wp-content\/uploads\/elementor\/thumbs\/Happy-culture-4-pmme8kz948pq92d96ry731x6p62p8pyyi9eoux2mho.png\" title=\"Happy culture (4)\" alt=\"Happy culture (4)\" loading=\"lazy\" \/>\t\t\t\t\t\t\t\t\t\t\t\t\t\t\t<\/div>\n\t\t\t\t<\/div>\n\t\t\t\t\t<\/div>\n\t\t<\/div>\n\t\t\t\t\t\t\t<\/div>\n\t\t<\/section>\n\t\t\t\t\t\t\t<\/div>","protected":false},"excerpt":{"rendered":"<p>You are no stranger to Lyon, and you want to explore different neighbourhoods and themes. Then these tours \"outside of the box\" will suit you!<\/p>","protected":false},"author":1,"featured_media":1644,"parent":0,"menu_order":0,"comment_status":"closed","ping_status":"closed","template":"","meta":{"footnotes":""},"acf":[],"_links":{"self":[{"href":"https:\/\/www.happy-culture.fr\/en\/wp-json\/wp\/v2\/pages\/1519"}],"collection":[{"href":"https:\/\/www.happy-culture.fr\/en\/wp-json\/wp\/v2\/pages"}],"about":[{"href":"https:\/\/www.happy-culture.fr\/en\/wp-json\/wp\/v2\/types\/page"}],"author":[{"embeddable":true,"href":"https:\/\/www.happy-culture.fr\/en\/wp-json\/wp\/v2\/users\/1"}],"replies":[{"embeddable":true,"href":"https:\/\/www.happy-culture.fr\/en\/wp-json\/wp\/v2\/comments?post=1519"}],"version-history":[{"count":47,"href":"https:\/\/www.happy-culture.fr\/en\/wp-json\/wp\/v2\/pages\/1519\/revisions"}],"predecessor-version":[{"id":1781,"href":"https:\/\/www.happy-culture.fr\/en\/wp-json\/wp\/v2\/pages\/1519\/revisions\/1781"}],"wp:featuredmedia":[{"embeddable":true,"href":"https:\/\/www.happy-culture.fr\/en\/wp-json\/wp\/v2\/media\/1644"}],"wp:attachment":[{"href":"https:\/\/www.happy-culture.fr\/en\/wp-json\/wp\/v2\/media?parent=1519"}],"curies":[{"name":"wp","href":"https:\/\/api.w.org\/{rel}","templated":true}]}}