{"id":971,"date":"2020-01-20T19:06:40","date_gmt":"2020-01-20T18:06:40","guid":{"rendered":"http:\/\/pilates.local:8888\/?page_id=971"},"modified":"2024-12-16T11:19:00","modified_gmt":"2024-12-16T10:19:00","slug":"qui-suis-je","status":"publish","type":"page","link":"https:\/\/www.happy-culture.fr\/de\/qui-suis-je\/","title":{"rendered":"\u00dcber mich"},"content":{"rendered":"<div data-elementor-type=\"wp-page\" data-elementor-id=\"971\" class=\"elementor elementor-971\">\n\t\t\t\t\t\t\t\t\t<section class=\"elementor-section elementor-top-section elementor-element elementor-element-0cabbce elementor-section-boxed elementor-section-height-default elementor-section-height-default\" data-id=\"0cabbce\" data-element_type=\"section\">\n\t\t\t\t\t\t<div class=\"elementor-container elementor-column-gap-default\">\n\t\t\t\t\t<div class=\"elementor-column elementor-col-100 elementor-top-column elementor-element elementor-element-0a82483\" data-id=\"0a82483\" data-element_type=\"column\">\n\t\t\t<div class=\"elementor-widget-wrap elementor-element-populated\">\n\t\t\t\t\t\t\t\t<div class=\"elementor-element elementor-element-5aba40b elementor-widget__width-initial elementor-widget elementor-widget-image\" data-id=\"5aba40b\" data-element_type=\"widget\" data-widget_type=\"image.default\">\n\t\t\t\t<div class=\"elementor-widget-container\">\n\t\t\t\t\t\t\t\t\t\t\t\t\t\t\t<img decoding=\"async\" loading=\"lazy\" width=\"300\" height=\"300\" src=\"https:\/\/www.happy-culture.fr\/wp-content\/uploads\/2024\/12\/Photo-Fiona-300x300.png\" class=\"attachment-medium size-medium wp-image-1782\" alt=\"\" srcset=\"https:\/\/www.happy-culture.fr\/wp-content\/uploads\/2024\/12\/Photo-Fiona-300x300.png 300w, https:\/\/www.happy-culture.fr\/wp-content\/uploads\/2024\/12\/Photo-Fiona-1024x1024.png 1024w, https:\/\/www.happy-culture.fr\/wp-content\/uploads\/2024\/12\/Photo-Fiona-150x150.png 150w, https:\/\/www.happy-culture.fr\/wp-content\/uploads\/2024\/12\/Photo-Fiona-768x768.png 768w, https:\/\/www.happy-culture.fr\/wp-content\/uploads\/2024\/12\/Photo-Fiona-12x12.png 12w, https:\/\/www.happy-culture.fr\/wp-content\/uploads\/2024\/12\/Photo-Fiona.png 1080w\" sizes=\"(max-width: 300px) 100vw, 300px\" \/>\t\t\t\t\t\t\t\t\t\t\t\t\t\t\t<\/div>\n\t\t\t\t<\/div>\n\t\t\t\t\t<\/div>\n\t\t<\/div>\n\t\t\t\t\t\t\t<\/div>\n\t\t<\/section>\n\t\t\t\t<section class=\"elementor-section elementor-top-section elementor-element elementor-element-0c7c13d elementor-section-boxed elementor-section-height-default elementor-section-height-default\" data-id=\"0c7c13d\" data-element_type=\"section\">\n\t\t\t\t\t\t<div class=\"elementor-container elementor-column-gap-default\">\n\t\t\t\t\t<div class=\"elementor-column elementor-col-100 elementor-top-column elementor-element elementor-element-ea1a254\" data-id=\"ea1a254\" data-element_type=\"column\">\n\t\t\t<div class=\"elementor-widget-wrap elementor-element-populated\">\n\t\t\t\t\t\t\t\t<div class=\"elementor-element elementor-element-b2a136a elementor-widget elementor-widget-text-editor\" data-id=\"b2a136a\" data-element_type=\"widget\" data-widget_type=\"text-editor.default\">\n\t\t\t\t<div class=\"elementor-widget-container\">\n\t\t\t\t\t\t\t<p class=\"MsoNormal\" style=\"text-align: center;\"><span style=\"font-family: 'Bahnschrift Light Condensed',sans-serif;\">Hinter Happy Culture steht Fiona BALCAEN, die genau wie die Biene im Logo von Happy Culture flei\u00dfig, neugierig und vor allem fr\u00f6hlich ist!<\/span><\/p><p class=\"MsoNormal\" style=\"text-align: center;\"><span style=\"font-family: 'Bahnschrift Light Condensed', sans-serif; font-size: 16px;\">Diese Freude und Neugierde, neue Leute aus der ganzen Welt zu treffen, haben Fiona dazu ermutigt, zun\u00e4chst Fremdsprachen (Deutsch und Englisch) zu studieren und anschlie\u00dfend ein Studium der Reiseleitung zu absolvieren.<\/span><\/p><p class=\"MsoNormal\" style=\"text-align: center;\"><span style=\"font-family: 'Bahnschrift Light Condensed', sans-serif; font-size: 16px;\">Seit 2013 freute sie sich, Touristen und Einheimischen Stadtviertel, St\u00e4dte und Regionen n\u00e4her zu bringen, um die Geheimnisse der St\u00e4dte zu entedecken.<\/span><\/p>\t\t\t\t\t\t<\/div>\n\t\t\t\t<\/div>\n\t\t\t\t\t<\/div>\n\t\t<\/div>\n\t\t\t\t\t\t\t<\/div>\n\t\t<\/section>\n\t\t\t\t<section class=\"elementor-section elementor-top-section elementor-element elementor-element-ace10ea elementor-section-boxed elementor-section-height-default elementor-section-height-default\" data-id=\"ace10ea\" data-element_type=\"section\">\n\t\t\t\t\t\t<div class=\"elementor-container elementor-column-gap-default\">\n\t\t\t\t\t<div class=\"elementor-column elementor-col-100 elementor-top-column elementor-element elementor-element-7c66459\" data-id=\"7c66459\" data-element_type=\"column\">\n\t\t\t<div class=\"elementor-widget-wrap elementor-element-populated\">\n\t\t\t\t\t\t\t\t<div class=\"elementor-element elementor-element-e65c8cc elementor-widget elementor-widget-image\" data-id=\"e65c8cc\" data-element_type=\"widget\" data-widget_type=\"image.default\">\n\t\t\t\t<div class=\"elementor-widget-container\">\n\t\t\t\t\t\t\t\t\t\t\t\t\t\t\t<img decoding=\"async\" src=\"https:\/\/www.happy-culture.fr\/wp-content\/uploads\/elementor\/thumbs\/Happy-culture-4-pmme8kz948pq92d96ry731x6p62p8pyyi9eoux2mho.png\" title=\"Happy culture (4)\" alt=\"Happy culture (4)\" loading=\"lazy\" \/>\t\t\t\t\t\t\t\t\t\t\t\t\t\t\t<\/div>\n\t\t\t\t<\/div>\n\t\t\t\t\t<\/div>\n\t\t<\/div>\n\t\t\t\t\t\t\t<\/div>\n\t\t<\/section>\n\t\t\t\t\t\t\t<\/div>","protected":false},"excerpt":{"rendered":"<p>Derri\u00e8re la petite abeille de Happy Culture se cache Fiona BALCAEN qui est comme elle travailleuse, curieuse mais surtout joyeuse\u00a0! C\u2019est cette joie et cette curiosit\u00e9 de rencontrer de nouvelles personnes de tout horizon qui ont pouss\u00e9 Fiona \u00e0 \u00e9tudier les langues \u00e9trang\u00e8res (anglais et allemand) d\u2019abord, puis \u00e0 passer la licence professionnelle de Guide-Conf\u00e9rencier [&hellip;]<\/p>","protected":false},"author":1,"featured_media":0,"parent":0,"menu_order":0,"comment_status":"closed","ping_status":"closed","template":"","meta":{"footnotes":""},"acf":[],"_links":{"self":[{"href":"https:\/\/www.happy-culture.fr\/de\/wp-json\/wp\/v2\/pages\/971"}],"collection":[{"href":"https:\/\/www.happy-culture.fr\/de\/wp-json\/wp\/v2\/pages"}],"about":[{"href":"https:\/\/www.happy-culture.fr\/de\/wp-json\/wp\/v2\/types\/page"}],"author":[{"embeddable":true,"href":"https:\/\/www.happy-culture.fr\/de\/wp-json\/wp\/v2\/users\/1"}],"replies":[{"embeddable":true,"href":"https:\/\/www.happy-culture.fr\/de\/wp-json\/wp\/v2\/comments?post=971"}],"version-history":[{"count":33,"href":"https:\/\/www.happy-culture.fr\/de\/wp-json\/wp\/v2\/pages\/971\/revisions"}],"predecessor-version":[{"id":1789,"href":"https:\/\/www.happy-culture.fr\/de\/wp-json\/wp\/v2\/pages\/971\/revisions\/1789"}],"wp:attachment":[{"href":"https:\/\/www.happy-culture.fr\/de\/wp-json\/wp\/v2\/media?parent=971"}],"curies":[{"name":"wp","href":"https:\/\/api.w.org\/{rel}","templated":true}]}}