{"id":1520,"date":"2020-06-12T11:29:20","date_gmt":"2020-06-12T09:29:20","guid":{"rendered":"http:\/\/www.happy-culture.fr\/?page_id=1520"},"modified":"2022-03-30T12:28:00","modified_gmt":"2022-03-30T10:28:00","slug":"les-visites-virtuelles","status":"publish","type":"page","link":"https:\/\/www.happy-culture.fr\/de\/les-visites-virtuelles\/","title":{"rendered":"Virtuelle F\u00fcrhungen"},"content":{"rendered":"<div data-elementor-type=\"wp-page\" data-elementor-id=\"1520\" class=\"elementor elementor-1520\">\n\t\t\t\t\t\t\t\t\t<section class=\"elementor-section elementor-top-section elementor-element elementor-element-3f4a5c7 elementor-section-boxed elementor-section-height-default elementor-section-height-default\" data-id=\"3f4a5c7\" data-element_type=\"section\">\n\t\t\t\t\t\t<div class=\"elementor-container elementor-column-gap-default\">\n\t\t\t\t\t<div class=\"elementor-column elementor-col-100 elementor-top-column elementor-element elementor-element-63a72a4\" data-id=\"63a72a4\" data-element_type=\"column\">\n\t\t\t<div class=\"elementor-widget-wrap elementor-element-populated\">\n\t\t\t\t\t\t\t\t<div class=\"elementor-element elementor-element-a2e223f elementor-widget elementor-widget-text-editor\" data-id=\"a2e223f\" data-element_type=\"widget\" data-widget_type=\"text-editor.default\">\n\t\t\t\t<div class=\"elementor-widget-container\">\n\t\t\t\t\t\t\t<h2>Was sind virtuelle F\u00fchrungen?<\/h2>\t\t\t\t\t\t<\/div>\n\t\t\t\t<\/div>\n\t\t\t\t\t<\/div>\n\t\t<\/div>\n\t\t\t\t\t\t\t<\/div>\n\t\t<\/section>\n\t\t\t\t<section class=\"elementor-section elementor-top-section elementor-element elementor-element-94f8d61 elementor-section-boxed elementor-section-height-default elementor-section-height-default\" data-id=\"94f8d61\" data-element_type=\"section\">\n\t\t\t\t\t\t<div class=\"elementor-container elementor-column-gap-default\">\n\t\t\t\t\t<div class=\"elementor-column elementor-col-100 elementor-top-column elementor-element elementor-element-5c98d45\" data-id=\"5c98d45\" data-element_type=\"column\">\n\t\t\t<div class=\"elementor-widget-wrap elementor-element-populated\">\n\t\t\t\t\t\t\t\t<div class=\"elementor-element elementor-element-da4e582 elementor-widget elementor-widget-text-editor\" data-id=\"da4e582\" data-element_type=\"widget\" data-widget_type=\"text-editor.default\">\n\t\t\t\t<div class=\"elementor-widget-container\">\n\t\t\t\t\t\t\t<p><span style=\"font-size: 12.0pt; line-height: 107%; font-family: 'Bahnschrift Light Condensed',sans-serif; mso-no-proof: yes;\">Virtuelle F\u00fchrungen sind F\u00fchrungen via Online-Videokonferenz. Anhand von Fotos, Stadtpl\u00e4nen und Google Street View werden die Highlights von Lyon, die Stadtviertel sowie Denkm\u00e4ler und Museen vorgestellt.<\/span><\/p>\t\t\t\t\t\t<\/div>\n\t\t\t\t<\/div>\n\t\t\t\t\t<\/div>\n\t\t<\/div>\n\t\t\t\t\t\t\t<\/div>\n\t\t<\/section>\n\t\t\t\t<section class=\"elementor-section elementor-top-section elementor-element elementor-element-ae8b165 elementor-section-boxed elementor-section-height-default elementor-section-height-default\" data-id=\"ae8b165\" data-element_type=\"section\">\n\t\t\t\t\t\t<div class=\"elementor-container elementor-column-gap-default\">\n\t\t\t\t\t<div class=\"elementor-column elementor-col-100 elementor-top-column elementor-element elementor-element-2863beb\" data-id=\"2863beb\" data-element_type=\"column\">\n\t\t\t<div class=\"elementor-widget-wrap elementor-element-populated\">\n\t\t\t\t\t\t\t\t<div class=\"elementor-element elementor-element-ae4b6a5 elementor-widget elementor-widget-text-editor\" data-id=\"ae4b6a5\" data-element_type=\"widget\" data-widget_type=\"text-editor.default\">\n\t\t\t\t<div class=\"elementor-widget-container\">\n\t\t\t\t\t\t\t<h2>Wann machen virtuelle F\u00fchrungen Sinn?<\/h2>\t\t\t\t\t\t<\/div>\n\t\t\t\t<\/div>\n\t\t\t\t\t<\/div>\n\t\t<\/div>\n\t\t\t\t\t\t\t<\/div>\n\t\t<\/section>\n\t\t\t\t<section class=\"elementor-section elementor-top-section elementor-element elementor-element-2c123b0 elementor-section-boxed elementor-section-height-default elementor-section-height-default\" data-id=\"2c123b0\" data-element_type=\"section\">\n\t\t\t\t\t\t<div class=\"elementor-container elementor-column-gap-default\">\n\t\t\t\t\t<div class=\"elementor-column elementor-col-100 elementor-top-column elementor-element elementor-element-6b3b60f\" data-id=\"6b3b60f\" data-element_type=\"column\">\n\t\t\t<div class=\"elementor-widget-wrap elementor-element-populated\">\n\t\t\t\t\t\t\t\t<div class=\"elementor-element elementor-element-1ddcb0b elementor-widget elementor-widget-text-editor\" data-id=\"1ddcb0b\" data-element_type=\"widget\" data-widget_type=\"text-editor.default\">\n\t\t\t\t<div class=\"elementor-widget-container\">\n\t\t\t\t\t\t\t<ul style=\"list-style-type: disc;\"><li><span style=\"font-size: 12.0pt; line-height: 107%; font-family: 'Bahnschrift Light Condensed',sans-serif; mso-no-proof: yes;\">Du bist dir noch nicht sicher, ob du Lyon besuchen und die Stadt entdecken m\u00f6chtest? Die virtuelle F\u00fchrung gibt dir einen Vorgeschmack auf die wunderbare Stadt mit ihren vielf\u00e4ltigen Sehensw\u00fcrdigkeiten.<\/span><\/li><li>Du hast nur wenig Zeit in Lyon eingeplant und m\u00f6chtest deinen Aufenthalt vorbereiten, um die Denkm\u00e4ler und Stadtviertel vorab kennenzulernen?<\/li><li>Du kannst bequem von deinem Sofa aus \u201ereisen\u201c.<\/li><li>Wegen der winterlichen K\u00e4lte m\u00f6chtest du lieber zuhause im Warmen bleiben, aber die Reise- und Entdeckungslust brennt trotzdem in dir?<\/li><\/ul><p class=\"MsoNormal\"><span style=\"font-size: 12.0pt; line-height: 107%; font-family: 'Bahnschrift Light Condensed',sans-serif; mso-no-proof: yes;\">\u2026 und das sind nur ein paar der Gr\u00fcnde f\u00fcr eine virtuelle F\u00fchrung!<\/span><\/p>\t\t\t\t\t\t<\/div>\n\t\t\t\t<\/div>\n\t\t\t\t\t<\/div>\n\t\t<\/div>\n\t\t\t\t\t\t\t<\/div>\n\t\t<\/section>\n\t\t\t\t<section class=\"elementor-section elementor-top-section elementor-element elementor-element-596680f elementor-section-boxed elementor-section-height-default elementor-section-height-default\" data-id=\"596680f\" data-element_type=\"section\">\n\t\t\t\t\t\t<div class=\"elementor-container elementor-column-gap-default\">\n\t\t\t\t\t<div class=\"elementor-column elementor-col-100 elementor-top-column elementor-element elementor-element-b4e886f\" data-id=\"b4e886f\" data-element_type=\"column\">\n\t\t\t<div class=\"elementor-widget-wrap elementor-element-populated\">\n\t\t\t\t\t\t\t\t<div class=\"elementor-element elementor-element-1c3f21e elementor-widget elementor-widget-heading\" data-id=\"1c3f21e\" data-element_type=\"widget\" data-widget_type=\"heading.default\">\n\t\t\t\t<div class=\"elementor-widget-container\">\n\t\t\t<h2 class=\"elementor-heading-title elementor-size-medium\">Verf\u00fcgbare virtuelle F\u00fchrungen<\/h2>\t\t<\/div>\n\t\t\t\t<\/div>\n\t\t\t\t\t<\/div>\n\t\t<\/div>\n\t\t\t\t\t\t\t<\/div>\n\t\t<\/section>\n\t\t\t\t<section class=\"elementor-section elementor-top-section elementor-element elementor-element-02aca39 elementor-section-boxed elementor-section-height-default elementor-section-height-default\" data-id=\"02aca39\" data-element_type=\"section\">\n\t\t\t\t\t\t<div class=\"elementor-container elementor-column-gap-default\">\n\t\t\t\t\t<div class=\"elementor-column elementor-col-100 elementor-top-column elementor-element elementor-element-5a63bfa\" data-id=\"5a63bfa\" data-element_type=\"column\">\n\t\t\t<div class=\"elementor-widget-wrap elementor-element-populated\">\n\t\t\t\t\t\t\t\t<div class=\"elementor-element elementor-element-1d55088 elementor-widget elementor-widget-text-editor\" data-id=\"1d55088\" data-element_type=\"widget\" data-widget_type=\"text-editor.default\">\n\t\t\t\t<div class=\"elementor-widget-container\">\n\t\t\t\t\t\t\t<h2>Stadtviertel<\/h2>\t\t\t\t\t\t<\/div>\n\t\t\t\t<\/div>\n\t\t\t\t\t<\/div>\n\t\t<\/div>\n\t\t\t\t\t\t\t<\/div>\n\t\t<\/section>\n\t\t\t\t<section class=\"elementor-section elementor-top-section elementor-element elementor-element-c23b188 elementor-section-boxed elementor-section-height-default elementor-section-height-default\" data-id=\"c23b188\" data-element_type=\"section\">\n\t\t\t\t\t\t<div class=\"elementor-container elementor-column-gap-default\">\n\t\t\t\t\t<div class=\"elementor-column elementor-col-100 elementor-top-column elementor-element elementor-element-da16a4e\" data-id=\"da16a4e\" data-element_type=\"column\">\n\t\t\t<div class=\"elementor-widget-wrap elementor-element-populated\">\n\t\t\t\t\t\t\t\t<div class=\"elementor-element elementor-element-8f659f2 elementor-widget elementor-widget-text-editor\" data-id=\"8f659f2\" data-element_type=\"widget\" data-widget_type=\"text-editor.default\">\n\t\t\t\t<div class=\"elementor-widget-container\">\n\t\t\t\t\t\t\t<ul style=\"list-style-type: disc;\">\n<li>Allgemeine Vorstellung der Stadt Lyon und ihrer bekanntesten Attraktionen<\/li>\n<li>Altstadt<\/li>\n<li>Presqu'\u00eele<\/li>\n<li>der Croix-Rousse H\u00fcgel<\/li>\n<li>Lyon-Confluence<\/li>\n<\/ul>\t\t\t\t\t\t<\/div>\n\t\t\t\t<\/div>\n\t\t\t\t\t<\/div>\n\t\t<\/div>\n\t\t\t\t\t\t\t<\/div>\n\t\t<\/section>\n\t\t\t\t<section class=\"elementor-section elementor-top-section elementor-element elementor-element-16f178a elementor-section-boxed elementor-section-height-default elementor-section-height-default\" data-id=\"16f178a\" data-element_type=\"section\">\n\t\t\t\t\t\t<div class=\"elementor-container elementor-column-gap-default\">\n\t\t\t\t\t<div class=\"elementor-column elementor-col-100 elementor-top-column elementor-element elementor-element-f59131f\" data-id=\"f59131f\" data-element_type=\"column\">\n\t\t\t<div class=\"elementor-widget-wrap elementor-element-populated\">\n\t\t\t\t\t\t\t\t<div class=\"elementor-element elementor-element-ce24c25 elementor-widget elementor-widget-text-editor\" data-id=\"ce24c25\" data-element_type=\"widget\" data-widget_type=\"text-editor.default\">\n\t\t\t\t<div class=\"elementor-widget-container\">\n\t\t\t\t\t\t\t<h2>Denkm\u00e4ler<\/h2>\t\t\t\t\t\t<\/div>\n\t\t\t\t<\/div>\n\t\t\t\t\t<\/div>\n\t\t<\/div>\n\t\t\t\t\t\t\t<\/div>\n\t\t<\/section>\n\t\t\t\t<section class=\"elementor-section elementor-top-section elementor-element elementor-element-8fdf1b6 elementor-section-boxed elementor-section-height-default elementor-section-height-default\" data-id=\"8fdf1b6\" data-element_type=\"section\">\n\t\t\t\t\t\t<div class=\"elementor-container elementor-column-gap-default\">\n\t\t\t\t\t<div class=\"elementor-column elementor-col-100 elementor-top-column elementor-element elementor-element-5c16ee3\" data-id=\"5c16ee3\" data-element_type=\"column\">\n\t\t\t<div class=\"elementor-widget-wrap elementor-element-populated\">\n\t\t\t\t\t\t\t\t<div class=\"elementor-element elementor-element-00f10ba elementor-widget elementor-widget-text-editor\" data-id=\"00f10ba\" data-element_type=\"widget\" data-widget_type=\"text-editor.default\">\n\t\t\t\t<div class=\"elementor-widget-container\">\n\t\t\t\t\t\t\t<ul style=\"list-style-type: disc;\"><li>Die Basilika von Fourvi\u00e8re<\/li><li>Das Grand H\u00f4tel-Dieu<\/li><\/ul>\t\t\t\t\t\t<\/div>\n\t\t\t\t<\/div>\n\t\t\t\t\t<\/div>\n\t\t<\/div>\n\t\t\t\t\t\t\t<\/div>\n\t\t<\/section>\n\t\t\t\t<section class=\"elementor-section elementor-top-section elementor-element elementor-element-b77311d elementor-section-boxed elementor-section-height-default elementor-section-height-default\" data-id=\"b77311d\" data-element_type=\"section\">\n\t\t\t\t\t\t<div class=\"elementor-container elementor-column-gap-default\">\n\t\t\t\t\t<div class=\"elementor-column elementor-col-100 elementor-top-column elementor-element elementor-element-4f4789f\" data-id=\"4f4789f\" data-element_type=\"column\">\n\t\t\t<div class=\"elementor-widget-wrap elementor-element-populated\">\n\t\t\t\t\t\t\t\t<div class=\"elementor-element elementor-element-ba2c8c8 elementor-widget elementor-widget-text-editor\" data-id=\"ba2c8c8\" data-element_type=\"widget\" data-widget_type=\"text-editor.default\">\n\t\t\t\t<div class=\"elementor-widget-container\">\n\t\t\t\t\t\t\t<h2>Museen<\/h2>\t\t\t\t\t\t<\/div>\n\t\t\t\t<\/div>\n\t\t\t\t\t<\/div>\n\t\t<\/div>\n\t\t\t\t\t\t\t<\/div>\n\t\t<\/section>\n\t\t\t\t<section class=\"elementor-section elementor-top-section elementor-element elementor-element-7812351 elementor-section-boxed elementor-section-height-default elementor-section-height-default\" data-id=\"7812351\" data-element_type=\"section\">\n\t\t\t\t\t\t<div class=\"elementor-container elementor-column-gap-default\">\n\t\t\t\t\t<div class=\"elementor-column elementor-col-100 elementor-top-column elementor-element elementor-element-06b25b8\" data-id=\"06b25b8\" data-element_type=\"column\">\n\t\t\t<div class=\"elementor-widget-wrap elementor-element-populated\">\n\t\t\t\t\t\t\t\t<div class=\"elementor-element elementor-element-9b9de3c elementor-widget elementor-widget-text-editor\" data-id=\"9b9de3c\" data-element_type=\"widget\" data-widget_type=\"text-editor.default\">\n\t\t\t\t<div class=\"elementor-widget-container\">\n\t\t\t\t\t\t\t<ul style=\"list-style-type: disc;\"><li>Die Meisterwerke des Mus\u00e9e des Beaux-Arts von Lyon<\/li><li>Die Dauerausstellung des Mus\u00e9e des Confluences<\/li><\/ul>\t\t\t\t\t\t<\/div>\n\t\t\t\t<\/div>\n\t\t\t\t\t<\/div>\n\t\t<\/div>\n\t\t\t\t\t\t\t<\/div>\n\t\t<\/section>\n\t\t\t\t<section class=\"elementor-section elementor-top-section elementor-element elementor-element-0fe3b8e elementor-section-boxed elementor-section-height-default elementor-section-height-default\" data-id=\"0fe3b8e\" data-element_type=\"section\">\n\t\t\t\t\t\t<div class=\"elementor-container elementor-column-gap-default\">\n\t\t\t\t\t<div class=\"elementor-column elementor-col-100 elementor-top-column elementor-element elementor-element-aee7d76\" data-id=\"aee7d76\" data-element_type=\"column\">\n\t\t\t<div class=\"elementor-widget-wrap elementor-element-populated\">\n\t\t\t\t\t\t\t\t<div class=\"elementor-element elementor-element-b9fdc43 elementor-widget elementor-widget-heading\" data-id=\"b9fdc43\" data-element_type=\"widget\" data-widget_type=\"heading.default\">\n\t\t\t\t<div class=\"elementor-widget-container\">\n\t\t\t<h2 class=\"elementor-heading-title elementor-size-large\">Preise &amp; Informationen<\/h2>\t\t<\/div>\n\t\t\t\t<\/div>\n\t\t\t\t\t<\/div>\n\t\t<\/div>\n\t\t\t\t\t\t\t<\/div>\n\t\t<\/section>\n\t\t\t\t<section class=\"elementor-section elementor-top-section elementor-element elementor-element-7b3552d elementor-section-boxed elementor-section-height-default elementor-section-height-default\" data-id=\"7b3552d\" data-element_type=\"section\">\n\t\t\t\t\t\t<div class=\"elementor-container elementor-column-gap-default\">\n\t\t\t\t\t<div class=\"elementor-column elementor-col-100 elementor-top-column elementor-element elementor-element-d985883\" data-id=\"d985883\" data-element_type=\"column\">\n\t\t\t<div class=\"elementor-widget-wrap elementor-element-populated\">\n\t\t\t\t\t\t\t\t<div class=\"elementor-element elementor-element-3daaaf3 elementor-widget elementor-widget-text-editor\" data-id=\"3daaaf3\" data-element_type=\"widget\" data-widget_type=\"text-editor.default\">\n\t\t\t\t<div class=\"elementor-widget-container\">\n\t\t\t\t\t\t\t<p>Preis pro teilnehmendem Endger\u00e4t<\/p>\n<ul>\n<li>&nbsp;Bis zu 5 teilnehmende Endger\u00e4te\u202f: 75\u20ac<\/li>\n<li>Bis zu 10 teilnehmende Endger\u00e4te\u202f: 130\u20ac<\/li>\n<li>Mehr als 10 teilnehmende Endger\u00e4te\u202f: 150\u20ac<\/li>\n<\/ul>\n<div>E-mail: contact@happy-culture.fr<\/div>\t\t\t\t\t\t<\/div>\n\t\t\t\t<\/div>\n\t\t\t\t\t<\/div>\n\t\t<\/div>\n\t\t\t\t\t\t\t<\/div>\n\t\t<\/section>\n\t\t\t\t<section class=\"elementor-section elementor-top-section elementor-element elementor-element-43ea608 elementor-section-boxed elementor-section-height-default elementor-section-height-default\" data-id=\"43ea608\" data-element_type=\"section\">\n\t\t\t\t\t\t<div class=\"elementor-container elementor-column-gap-default\">\n\t\t\t\t\t<div class=\"elementor-column elementor-col-100 elementor-top-column elementor-element elementor-element-21a3ce8\" data-id=\"21a3ce8\" data-element_type=\"column\">\n\t\t\t<div class=\"elementor-widget-wrap elementor-element-populated\">\n\t\t\t\t\t\t\t\t<div class=\"elementor-element elementor-element-d70d676 elementor-widget elementor-widget-image\" data-id=\"d70d676\" data-element_type=\"widget\" data-widget_type=\"image.default\">\n\t\t\t\t<div class=\"elementor-widget-container\">\n\t\t\t\t\t\t\t\t\t\t\t\t\t\t\t<img decoding=\"async\" src=\"https:\/\/www.happy-culture.fr\/wp-content\/uploads\/elementor\/thumbs\/Happy-culture-4-pmme8kz948pq92d96ry731x6p62p8pyyi9eoux2mho.png\" title=\"Happy culture (4)\" alt=\"Happy culture (4)\" loading=\"lazy\" \/>\t\t\t\t\t\t\t\t\t\t\t\t\t\t\t<\/div>\n\t\t\t\t<\/div>\n\t\t\t\t\t<\/div>\n\t\t<\/div>\n\t\t\t\t\t\t\t<\/div>\n\t\t<\/section>\n\t\t\t\t\t\t\t<\/div>","protected":false},"excerpt":{"rendered":"<p>Was sind virtuelle F\u00fchrungen?<br \/>\nDu besichtigst Stadtviertel, Denkm\u00e4ler und Museen aus dein Sofa via eine virtuelle F\u00fchrung und willst dann dort spazieren gehen!<\/p>","protected":false},"author":1,"featured_media":1643,"parent":0,"menu_order":0,"comment_status":"closed","ping_status":"closed","template":"","meta":{"footnotes":""},"acf":[],"_links":{"self":[{"href":"https:\/\/www.happy-culture.fr\/de\/wp-json\/wp\/v2\/pages\/1520"}],"collection":[{"href":"https:\/\/www.happy-culture.fr\/de\/wp-json\/wp\/v2\/pages"}],"about":[{"href":"https:\/\/www.happy-culture.fr\/de\/wp-json\/wp\/v2\/types\/page"}],"author":[{"embeddable":true,"href":"https:\/\/www.happy-culture.fr\/de\/wp-json\/wp\/v2\/users\/1"}],"replies":[{"embeddable":true,"href":"https:\/\/www.happy-culture.fr\/de\/wp-json\/wp\/v2\/comments?post=1520"}],"version-history":[{"count":14,"href":"https:\/\/www.happy-culture.fr\/de\/wp-json\/wp\/v2\/pages\/1520\/revisions"}],"predecessor-version":[{"id":1732,"href":"https:\/\/www.happy-culture.fr\/de\/wp-json\/wp\/v2\/pages\/1520\/revisions\/1732"}],"wp:featuredmedia":[{"embeddable":true,"href":"https:\/\/www.happy-culture.fr\/de\/wp-json\/wp\/v2\/media\/1643"}],"wp:attachment":[{"href":"https:\/\/www.happy-culture.fr\/de\/wp-json\/wp\/v2\/media?parent=1520"}],"curies":[{"name":"wp","href":"https:\/\/api.w.org\/{rel}","templated":true}]}}