{"id":1519,"date":"2020-06-12T11:29:20","date_gmt":"2020-06-12T09:29:20","guid":{"rendered":"http:\/\/www.happy-culture.fr\/?page_id=1519"},"modified":"2024-12-16T11:12:44","modified_gmt":"2024-12-16T10:12:44","slug":"hors-des-sentiers-battus","status":"publish","type":"page","link":"https:\/\/www.happy-culture.fr\/de\/hors-des-sentiers-battus\/","title":{"rendered":"Besichtigungen au\u00dferhalb der bekannten Routen"},"content":{"rendered":"<div data-elementor-type=\"wp-page\" data-elementor-id=\"1519\" class=\"elementor elementor-1519\">\n\t\t\t\t\t\t\t\t\t<section class=\"elementor-section elementor-top-section elementor-element elementor-element-ec1d688 elementor-section-boxed elementor-section-height-default elementor-section-height-default\" data-id=\"ec1d688\" data-element_type=\"section\">\n\t\t\t\t\t\t<div class=\"elementor-container elementor-column-gap-default\">\n\t\t\t\t\t<div class=\"elementor-column elementor-col-100 elementor-top-column elementor-element elementor-element-7579869f\" data-id=\"7579869f\" data-element_type=\"column\">\n\t\t\t<div class=\"elementor-widget-wrap elementor-element-populated\">\n\t\t\t\t\t\t\t\t<div class=\"elementor-element elementor-element-5f39d023 elementor-widget elementor-widget-text-editor\" data-id=\"5f39d023\" data-element_type=\"widget\" data-widget_type=\"text-editor.default\">\n\t\t\t\t<div class=\"elementor-widget-container\">\n\t\t\t\t\t\t\t<p style=\"text-align: center;\">Du kennst Lyon und willst hier trotzdem etwas Neues entdecken? Dann wird dir die folgende Tour absteits der Touristenattraktionen gefallen!<\/p>\t\t\t\t\t\t<\/div>\n\t\t\t\t<\/div>\n\t\t\t\t\t<\/div>\n\t\t<\/div>\n\t\t\t\t\t\t\t<\/div>\n\t\t<\/section>\n\t\t\t\t<section class=\"elementor-section elementor-top-section elementor-element elementor-element-41ca5ae elementor-section-boxed elementor-section-height-default elementor-section-height-default\" data-id=\"41ca5ae\" data-element_type=\"section\">\n\t\t\t\t\t\t<div class=\"elementor-container elementor-column-gap-default\">\n\t\t\t\t\t<div class=\"elementor-column elementor-col-100 elementor-top-column elementor-element elementor-element-dc2a772\" data-id=\"dc2a772\" data-element_type=\"column\">\n\t\t\t<div class=\"elementor-widget-wrap elementor-element-populated\">\n\t\t\t\t\t\t\t\t<div class=\"elementor-element elementor-element-d1c5429 elementor-widget elementor-widget-heading\" data-id=\"d1c5429\" data-element_type=\"widget\" data-widget_type=\"heading.default\">\n\t\t\t\t<div class=\"elementor-widget-container\">\n\t\t\t<h2 class=\"elementor-heading-title elementor-size-medium\">Lyon-Confluence\u202f: vom Brachland zum \u00d6koviertel<\/h2>\t\t<\/div>\n\t\t\t\t<\/div>\n\t\t\t\t\t<\/div>\n\t\t<\/div>\n\t\t\t\t\t\t\t<\/div>\n\t\t<\/section>\n\t\t\t\t<section class=\"elementor-section elementor-top-section elementor-element elementor-element-4ee0d08 elementor-section-boxed elementor-section-height-default elementor-section-height-default\" data-id=\"4ee0d08\" data-element_type=\"section\">\n\t\t\t\t\t\t<div class=\"elementor-container elementor-column-gap-default\">\n\t\t\t\t\t<div class=\"elementor-column elementor-col-66 elementor-top-column elementor-element elementor-element-8aa9622\" data-id=\"8aa9622\" data-element_type=\"column\">\n\t\t\t<div class=\"elementor-widget-wrap elementor-element-populated\">\n\t\t\t\t\t\t\t\t<div class=\"elementor-element elementor-element-20bd89f elementor-widget elementor-widget-text-editor\" data-id=\"20bd89f\" data-element_type=\"widget\" data-widget_type=\"text-editor.default\">\n\t\t\t\t<div class=\"elementor-widget-container\">\n\t\t\t\t\t\t\t<p class=\"MsoNormal\" style=\"text-align: justify;\"><span style=\"font-size: 12.0pt; line-height: 107%; font-family: 'Bahnschrift Light Condensed',sans-serif; mso-no-proof: yes;\">Lass uns gemeinsam dieses ehemalige Industriegebiet, das sich mittlerweile zu einem der gr\u00f6\u00dften \u00d6koviertel Europas entwickelt hat, entdecken! Durch der Neugestaltung dieses 150 Hektar gro\u00dfen Viertels hat die Stadt Lyon die Gr\u00f6\u00dfe ihres Stadtzentrums verdoppelt und dieses Areal in ein Vorbild f\u00fcr \u00f6kologische und zeitgen\u00f6ssische Architektur gleicherma\u00dfen verwandelt. Fr\u00fcher mieden die Einwohner Lyons das Viertel, doch jetzt ist La Confluence mit seiner Vision f\u00fcr eine nachhaltige Stadt zu einem lebendiges Szeneviertel geworden. Architekten aus der ganzen Welt haben an diesem gro\u00dfen Stadtentwicklungsprojekt mitgearbeitet und konnten ihre Experimentierfreude hier ausleben.<\/span><\/p>\t\t\t\t\t\t<\/div>\n\t\t\t\t<\/div>\n\t\t\t\t\t<\/div>\n\t\t<\/div>\n\t\t\t\t<div class=\"elementor-column elementor-col-33 elementor-top-column elementor-element elementor-element-fcfdca7\" data-id=\"fcfdca7\" data-element_type=\"column\">\n\t\t\t<div class=\"elementor-widget-wrap elementor-element-populated\">\n\t\t\t\t\t\t\t\t<div class=\"elementor-element elementor-element-21295ca elementor-widget elementor-widget-image\" data-id=\"21295ca\" data-element_type=\"widget\" data-widget_type=\"image.default\">\n\t\t\t\t<div class=\"elementor-widget-container\">\n\t\t\t\t\t\t\t\t\t\t\t\t\t\t\t<img decoding=\"async\" loading=\"lazy\" width=\"768\" height=\"512\" src=\"https:\/\/www.happy-culture.fr\/wp-content\/uploads\/2021\/03\/IMG_6938-1024x683.jpg\" class=\"attachment-large size-large wp-image-1670\" alt=\"\" srcset=\"https:\/\/www.happy-culture.fr\/wp-content\/uploads\/2021\/03\/IMG_6938-1024x683.jpg 1024w, https:\/\/www.happy-culture.fr\/wp-content\/uploads\/2021\/03\/IMG_6938-300x200.jpg 300w, https:\/\/www.happy-culture.fr\/wp-content\/uploads\/2021\/03\/IMG_6938-768x512.jpg 768w, https:\/\/www.happy-culture.fr\/wp-content\/uploads\/2021\/03\/IMG_6938-1536x1024.jpg 1536w, https:\/\/www.happy-culture.fr\/wp-content\/uploads\/2021\/03\/IMG_6938-2048x1365.jpg 2048w\" sizes=\"(max-width: 768px) 100vw, 768px\" \/>\t\t\t\t\t\t\t\t\t\t\t\t\t\t\t<\/div>\n\t\t\t\t<\/div>\n\t\t\t\t\t<\/div>\n\t\t<\/div>\n\t\t\t\t\t\t\t<\/div>\n\t\t<\/section>\n\t\t\t\t<section class=\"elementor-section elementor-top-section elementor-element elementor-element-8bd0bf1 elementor-section-boxed elementor-section-height-default elementor-section-height-default\" data-id=\"8bd0bf1\" data-element_type=\"section\">\n\t\t\t\t\t\t<div class=\"elementor-container elementor-column-gap-default\">\n\t\t\t\t\t<div class=\"elementor-column elementor-col-100 elementor-top-column elementor-element elementor-element-0617315\" data-id=\"0617315\" data-element_type=\"column\">\n\t\t\t<div class=\"elementor-widget-wrap elementor-element-populated\">\n\t\t\t\t\t\t\t\t<div class=\"elementor-element elementor-element-1cdcbd2 elementor-widget elementor-widget-heading\" data-id=\"1cdcbd2\" data-element_type=\"widget\" data-widget_type=\"heading.default\">\n\t\t\t\t<div class=\"elementor-widget-container\">\n\t\t\t<h2 class=\"elementor-heading-title elementor-size-medium\">Die Geister des Grand H\u00f4tel-Dieu von Lyon<\/h2>\t\t<\/div>\n\t\t\t\t<\/div>\n\t\t\t\t\t<\/div>\n\t\t<\/div>\n\t\t\t\t\t\t\t<\/div>\n\t\t<\/section>\n\t\t\t\t<section class=\"elementor-section elementor-top-section elementor-element elementor-element-d42fb79 elementor-section-boxed elementor-section-height-default elementor-section-height-default\" data-id=\"d42fb79\" data-element_type=\"section\">\n\t\t\t\t\t\t<div class=\"elementor-container elementor-column-gap-default\">\n\t\t\t\t\t<div class=\"elementor-column elementor-col-66 elementor-top-column elementor-element elementor-element-2427e7d\" data-id=\"2427e7d\" data-element_type=\"column\">\n\t\t\t<div class=\"elementor-widget-wrap elementor-element-populated\">\n\t\t\t\t\t\t\t\t<div class=\"elementor-element elementor-element-1599d01 elementor-widget elementor-widget-text-editor\" data-id=\"1599d01\" data-element_type=\"widget\" data-widget_type=\"text-editor.default\">\n\t\t\t\t<div class=\"elementor-widget-container\">\n\t\t\t\t\t\t\t<p class=\"MsoNormal\" style=\"text-align: justify;\"><span style=\"font-size: 12.0pt; line-height: 107%; font-family: 'Bahnschrift Light Condensed',sans-serif; mso-no-proof: yes;\">Was haben die Pont d'Avignon, der Schriftsteller Fran\u00e7ois Rabelais, das Panth\u00e9on in Paris und der Erfinder Auguste Lumi\u00e8re gemainsam? Das Grand H\u00f4tel-Dieu von Lyon!<\/span><\/p>\n<p class=\"MsoNormal\" style=\"text-align: justify;\"><span style=\"font-family: 'Bahnschrift Light Condensed', sans-serif; font-size: 12pt;\">Fr\u00fcher war dieses Geb\u00e4ude ein Krankenhaus\u202f: Bis ins Jahr 2010 wurden die Kinder Lyons hier geboren. Nach umfangreichen Umbauma\u00dfnahmen des Denkmals ist das Geb\u00e4ude seit 2019 wieder ge\u00f6ffnet. 8 Jahrhunderte Lyoner Geschichte sowie die Geschichte der Medizin werden hier erz\u00e4hlt. Heute k\u00f6nnen wir wieder durch die H\u00f6fe des Geb\u00e4udes spazieren gehen und die Arbeit der Handwerker und Arbeiter, die dieses 40 000 m2 gro\u00dfe Areal restauriert haben, bewundern. Zwischen Vergangenheit und Gegenwart werden wir vielleicht die vielen Geister, die noch immer in diesem Geb\u00e4ude spuken sollen, entdecken- und ebenso seine jetzigen Bewohner.<\/span><sup style=\"font-family: 'Bahnschrift Light Condensed', sans-serif;\">2<\/sup><span style=\"font-family: 'Bahnschrift Light Condensed', sans-serif; font-size: 12pt;\">. Entre pass\u00e9 et pr\u00e9sent, nous d\u00e9couvrirons les nombreux fant\u00f4mes qui peuplent encore le b\u00e2timent mais \u00e9galement ses occupants actuels.<\/span><\/p>\t\t\t\t\t\t<\/div>\n\t\t\t\t<\/div>\n\t\t\t\t\t<\/div>\n\t\t<\/div>\n\t\t\t\t<div class=\"elementor-column elementor-col-33 elementor-top-column elementor-element elementor-element-5033f94\" data-id=\"5033f94\" data-element_type=\"column\">\n\t\t\t<div class=\"elementor-widget-wrap elementor-element-populated\">\n\t\t\t\t\t\t\t\t<div class=\"elementor-element elementor-element-4a02e27 elementor-widget elementor-widget-image\" data-id=\"4a02e27\" data-element_type=\"widget\" data-widget_type=\"image.default\">\n\t\t\t\t<div class=\"elementor-widget-container\">\n\t\t\t\t\t\t\t\t\t\t\t\t\t\t\t<img decoding=\"async\" loading=\"lazy\" width=\"683\" height=\"1024\" src=\"https:\/\/www.happy-culture.fr\/wp-content\/uploads\/2020\/07\/IMG_63803-683x1024.jpg\" class=\"attachment-large size-large wp-image-1622\" alt=\"\" srcset=\"https:\/\/www.happy-culture.fr\/wp-content\/uploads\/2020\/07\/IMG_63803-683x1024.jpg 683w, https:\/\/www.happy-culture.fr\/wp-content\/uploads\/2020\/07\/IMG_63803-200x300.jpg 200w, https:\/\/www.happy-culture.fr\/wp-content\/uploads\/2020\/07\/IMG_63803-768x1152.jpg 768w, https:\/\/www.happy-culture.fr\/wp-content\/uploads\/2020\/07\/IMG_63803-1024x1536.jpg 1024w, https:\/\/www.happy-culture.fr\/wp-content\/uploads\/2020\/07\/IMG_63803-1365x2048.jpg 1365w, https:\/\/www.happy-culture.fr\/wp-content\/uploads\/2020\/07\/IMG_63803-scaled.jpg 1707w\" sizes=\"(max-width: 683px) 100vw, 683px\" \/>\t\t\t\t\t\t\t\t\t\t\t\t\t\t\t<\/div>\n\t\t\t\t<\/div>\n\t\t\t\t\t<\/div>\n\t\t<\/div>\n\t\t\t\t\t\t\t<\/div>\n\t\t<\/section>\n\t\t\t\t<section class=\"elementor-section elementor-top-section elementor-element elementor-element-50c988d elementor-section-boxed elementor-section-height-default elementor-section-height-default\" data-id=\"50c988d\" data-element_type=\"section\">\n\t\t\t\t\t\t<div class=\"elementor-container elementor-column-gap-default\">\n\t\t\t\t\t<div class=\"elementor-column elementor-col-100 elementor-top-column elementor-element elementor-element-c2e1251\" data-id=\"c2e1251\" data-element_type=\"column\">\n\t\t\t<div class=\"elementor-widget-wrap elementor-element-populated\">\n\t\t\t\t\t\t\t\t<div class=\"elementor-element elementor-element-3894635 elementor-widget elementor-widget-heading\" data-id=\"3894635\" data-element_type=\"widget\" data-widget_type=\"heading.default\">\n\t\t\t\t<div class=\"elementor-widget-container\">\n\t\t\t<h2 class=\"elementor-heading-title elementor-size-medium\">Lyon, Hauptstadt der Resistance<\/h2>\t\t<\/div>\n\t\t\t\t<\/div>\n\t\t\t\t\t<\/div>\n\t\t<\/div>\n\t\t\t\t\t\t\t<\/div>\n\t\t<\/section>\n\t\t\t\t<section class=\"elementor-section elementor-top-section elementor-element elementor-element-3c96e58 elementor-section-boxed elementor-section-height-default elementor-section-height-default\" data-id=\"3c96e58\" data-element_type=\"section\">\n\t\t\t\t\t\t<div class=\"elementor-container elementor-column-gap-default\">\n\t\t\t\t\t<div class=\"elementor-column elementor-col-66 elementor-top-column elementor-element elementor-element-4857b49\" data-id=\"4857b49\" data-element_type=\"column\">\n\t\t\t<div class=\"elementor-widget-wrap elementor-element-populated\">\n\t\t\t\t\t\t\t\t<div class=\"elementor-element elementor-element-5b4a86d elementor-widget elementor-widget-text-editor\" data-id=\"5b4a86d\" data-element_type=\"widget\" data-widget_type=\"text-editor.default\">\n\t\t\t\t<div class=\"elementor-widget-container\">\n\t\t\t\t\t\t\t<p class=\"MsoNormal translation-block\">\u201eDiese gallische Hauptstadt wurde dann die Hauptstadt der franz\u00f6sischen Resistance\u201c<\/p><p class=\"MsoNormal\" style=\"text-align: right;\" align=\"right\"><span style=\"font-size: 12.0pt; line-height: 107%; font-family: 'Bahnschrift Light Condensed',sans-serif; mso-bidi-font-family: 'Bahnschrift Light Condensed'; mso-no-proof: yes;\">(Rede des G\u00e9n\u00e9ral de Gaulle, 14. September 1944, Rathaus von Lyon)<\/span><\/p><p class=\"MsoNormal\" style=\"text-align: justify;\" align=\"right\"><span style=\"font-family: 'Bahnschrift Light Condensed', sans-serif; font-size: 12pt;\">W\u00e4hle dein Pseudonym! Vergiss deine gef\u00e4lschten Ausweispapiere nicht! Wir gehen durch Lyon, um die wichtigsten Orte w\u00e4hrend des zweiten Weltkrieges zu entdecken\u202f: den Sitz der Gestapo, das Hauptquartier der franz\u00f6sischen Miliz, die Untergrunddruckerei, den Sitz eines Untergrundgeheimdienstnetzes, oder geheime Treffpunkte. Tauche ein in das Lyon des zweiten Weltkrieges, wo Lucie Aubrac oder Jean Moulin zu franz\u00f6sischen Nationalhelden wurden.<\/span><\/p><p class=\"MsoNormal\" style=\"text-align: justify;\"><span style=\"font-family: 'Bahnschrift Light Condensed', sans-serif; font-size: 12pt;\">Und wer wei\u00df, was wir noch entdecken werden? Vielleicht war Lyon nicht nur die Hauptstadt der Resistance?<\/span><\/p>\t\t\t\t\t\t<\/div>\n\t\t\t\t<\/div>\n\t\t\t\t\t<\/div>\n\t\t<\/div>\n\t\t\t\t<div class=\"elementor-column elementor-col-33 elementor-top-column elementor-element elementor-element-2e436ab\" data-id=\"2e436ab\" data-element_type=\"column\">\n\t\t\t<div class=\"elementor-widget-wrap elementor-element-populated\">\n\t\t\t\t\t\t\t\t<div class=\"elementor-element elementor-element-1c383af elementor-widget elementor-widget-image\" data-id=\"1c383af\" data-element_type=\"widget\" data-widget_type=\"image.default\">\n\t\t\t\t<div class=\"elementor-widget-container\">\n\t\t\t\t\t\t\t\t\t\t\t\t\t\t\t<img decoding=\"async\" loading=\"lazy\" width=\"683\" height=\"1024\" src=\"https:\/\/www.happy-culture.fr\/wp-content\/uploads\/2021\/03\/IMG_6862-2-683x1024.jpg\" class=\"attachment-large size-large wp-image-1672\" alt=\"\" srcset=\"https:\/\/www.happy-culture.fr\/wp-content\/uploads\/2021\/03\/IMG_6862-2-683x1024.jpg 683w, https:\/\/www.happy-culture.fr\/wp-content\/uploads\/2021\/03\/IMG_6862-2-200x300.jpg 200w, https:\/\/www.happy-culture.fr\/wp-content\/uploads\/2021\/03\/IMG_6862-2-768x1152.jpg 768w, https:\/\/www.happy-culture.fr\/wp-content\/uploads\/2021\/03\/IMG_6862-2-1024x1536.jpg 1024w, https:\/\/www.happy-culture.fr\/wp-content\/uploads\/2021\/03\/IMG_6862-2-1365x2048.jpg 1365w, https:\/\/www.happy-culture.fr\/wp-content\/uploads\/2021\/03\/IMG_6862-2-scaled.jpg 1707w\" sizes=\"(max-width: 683px) 100vw, 683px\" \/>\t\t\t\t\t\t\t\t\t\t\t\t\t\t\t<\/div>\n\t\t\t\t<\/div>\n\t\t\t\t\t<\/div>\n\t\t<\/div>\n\t\t\t\t\t\t\t<\/div>\n\t\t<\/section>\n\t\t\t\t<section class=\"elementor-section elementor-top-section elementor-element elementor-element-0974e97 elementor-section-boxed elementor-section-height-default elementor-section-height-default\" data-id=\"0974e97\" data-element_type=\"section\">\n\t\t\t\t\t\t<div class=\"elementor-container elementor-column-gap-default\">\n\t\t\t\t\t<div class=\"elementor-column elementor-col-100 elementor-top-column elementor-element elementor-element-4479a78\" data-id=\"4479a78\" data-element_type=\"column\">\n\t\t\t<div class=\"elementor-widget-wrap elementor-element-populated\">\n\t\t\t\t\t\t\t\t<div class=\"elementor-element elementor-element-fbbfccd elementor-widget elementor-widget-heading\" data-id=\"fbbfccd\" data-element_type=\"widget\" data-widget_type=\"heading.default\">\n\t\t\t\t<div class=\"elementor-widget-container\">\n\t\t\t<h2 class=\"elementor-heading-title elementor-size-medium\">Street Art in Lyon: die Tour des steten Wandels!<\/h2>\t\t<\/div>\n\t\t\t\t<\/div>\n\t\t\t\t\t<\/div>\n\t\t<\/div>\n\t\t\t\t\t\t\t<\/div>\n\t\t<\/section>\n\t\t\t\t<section class=\"elementor-section elementor-top-section elementor-element elementor-element-79cb647 elementor-section-boxed elementor-section-height-default elementor-section-height-default\" data-id=\"79cb647\" data-element_type=\"section\">\n\t\t\t\t\t\t<div class=\"elementor-container elementor-column-gap-default\">\n\t\t\t\t\t<div class=\"elementor-column elementor-col-66 elementor-top-column elementor-element elementor-element-f56f40e\" data-id=\"f56f40e\" data-element_type=\"column\">\n\t\t\t<div class=\"elementor-widget-wrap elementor-element-populated\">\n\t\t\t\t\t\t\t\t<div class=\"elementor-element elementor-element-4f5b939 elementor-widget elementor-widget-text-editor\" data-id=\"4f5b939\" data-element_type=\"widget\" data-widget_type=\"text-editor.default\">\n\t\t\t\t<div class=\"elementor-widget-container\">\n\t\t\t\t\t\t\t<p>\u00a0<\/p><p class=\"MsoNormal\" style=\"text-align: justify;\"><span style=\"font-size: 12.0pt; line-height: 107%; font-family: 'Bahnschrift Light Condensed',sans-serif; mso-no-proof: yes;\">Was entdecken wir w\u00e4hrend dieser F\u00fchrung ?... Keine Ahnung! Lasst euch \u00fcberraschen! Werdet zu Entdeckern von Lyons Streetart w\u00e4hrend dieser originellen und sich st\u00e4ndig im Wandel befindlichen F\u00fchrung. Wir werden mit gro\u00dfen Augen und einem L\u00e4cheln im Gesicht durch die Stra\u03b2en des Croix-Rousse-Viertels spazieren gehen und dabei die \u00dcberraschungen der Streetart-K\u00fcnstler entdecken:  Trompe-l\u2019Oeil (Augent\u00e4uschung), Paste-Up, Stencil (Schablonenkunst), Murals, Mosaiken, Skulpturen\u2026 f\u00fcr jeden Geschmack ist etwas dabei!<\/span><\/p>\t\t\t\t\t\t<\/div>\n\t\t\t\t<\/div>\n\t\t\t\t\t<\/div>\n\t\t<\/div>\n\t\t\t\t<div class=\"elementor-column elementor-col-33 elementor-top-column elementor-element elementor-element-79ed29e\" data-id=\"79ed29e\" data-element_type=\"column\">\n\t\t\t<div class=\"elementor-widget-wrap elementor-element-populated\">\n\t\t\t\t\t\t\t\t<div class=\"elementor-element elementor-element-48d91ec elementor-widget elementor-widget-image\" data-id=\"48d91ec\" data-element_type=\"widget\" data-widget_type=\"image.default\">\n\t\t\t\t<div class=\"elementor-widget-container\">\n\t\t\t\t\t\t\t\t\t\t\t\t\t\t\t<img decoding=\"async\" loading=\"lazy\" width=\"231\" height=\"300\" src=\"https:\/\/www.happy-culture.fr\/wp-content\/uploads\/2023\/04\/20220111_0956102-231x300.jpg\" class=\"attachment-medium size-medium wp-image-1758\" alt=\"\" srcset=\"https:\/\/www.happy-culture.fr\/wp-content\/uploads\/2023\/04\/20220111_0956102-231x300.jpg 231w, https:\/\/www.happy-culture.fr\/wp-content\/uploads\/2023\/04\/20220111_0956102-789x1024.jpg 789w, https:\/\/www.happy-culture.fr\/wp-content\/uploads\/2023\/04\/20220111_0956102-768x996.jpg 768w, https:\/\/www.happy-culture.fr\/wp-content\/uploads\/2023\/04\/20220111_0956102-1184x1536.jpg 1184w, https:\/\/www.happy-culture.fr\/wp-content\/uploads\/2023\/04\/20220111_0956102-1579x2048.jpg 1579w, https:\/\/www.happy-culture.fr\/wp-content\/uploads\/2023\/04\/20220111_0956102-9x12.jpg 9w, https:\/\/www.happy-culture.fr\/wp-content\/uploads\/2023\/04\/20220111_0956102-scaled.jpg 1973w\" sizes=\"(max-width: 231px) 100vw, 231px\" \/>\t\t\t\t\t\t\t\t\t\t\t\t\t\t\t<\/div>\n\t\t\t\t<\/div>\n\t\t\t\t\t<\/div>\n\t\t<\/div>\n\t\t\t\t\t\t\t<\/div>\n\t\t<\/section>\n\t\t\t\t<section class=\"elementor-section elementor-top-section elementor-element elementor-element-9000fb9 elementor-section-boxed elementor-section-height-default elementor-section-height-default\" data-id=\"9000fb9\" data-element_type=\"section\">\n\t\t\t\t\t\t<div class=\"elementor-container elementor-column-gap-default\">\n\t\t\t\t\t<div class=\"elementor-column elementor-col-100 elementor-top-column elementor-element elementor-element-ad2a467\" data-id=\"ad2a467\" data-element_type=\"column\">\n\t\t\t<div class=\"elementor-widget-wrap elementor-element-populated\">\n\t\t\t\t\t\t\t\t<div class=\"elementor-element elementor-element-d2d581d elementor-widget elementor-widget-heading\" data-id=\"d2d581d\" data-element_type=\"widget\" data-widget_type=\"heading.default\">\n\t\t\t\t<div class=\"elementor-widget-container\">\n\t\t\t<h2 class=\"elementor-heading-title elementor-size-default\">Preise &amp; Informationen<\/h2>\t\t<\/div>\n\t\t\t\t<\/div>\n\t\t\t\t\t<\/div>\n\t\t<\/div>\n\t\t\t\t\t\t\t<\/div>\n\t\t<\/section>\n\t\t\t\t<section class=\"elementor-section elementor-top-section elementor-element elementor-element-ec886d2 elementor-section-boxed elementor-section-height-default elementor-section-height-default\" data-id=\"ec886d2\" data-element_type=\"section\">\n\t\t\t\t\t\t<div class=\"elementor-container elementor-column-gap-default\">\n\t\t\t\t\t<div class=\"elementor-column elementor-col-100 elementor-top-column elementor-element elementor-element-66db32b\" data-id=\"66db32b\" data-element_type=\"column\">\n\t\t\t<div class=\"elementor-widget-wrap elementor-element-populated\">\n\t\t\t\t\t\t\t\t<div class=\"elementor-element elementor-element-021dc11 elementor-widget elementor-widget-text-editor\" data-id=\"021dc11\" data-element_type=\"widget\" data-widget_type=\"text-editor.default\">\n\t\t\t\t<div class=\"elementor-widget-container\">\n\t\t\t\t\t\t\t<p>Gruppe von bis zu 30 Personen (ausgenommen sind eventuelle Personenbeschr\u00e4nkungen in der Denkm\u00e4lern und Museen)<\/p><p>Dauer der F\u00fchrung\u202f: 2 Stunden<\/p><p>Tarif\u202f: 200\u20ac<\/p><p>E-mail: contact@happy-culture.fr<\/p>\t\t\t\t\t\t<\/div>\n\t\t\t\t<\/div>\n\t\t\t\t\t<\/div>\n\t\t<\/div>\n\t\t\t\t\t\t\t<\/div>\n\t\t<\/section>\n\t\t\t\t<section class=\"elementor-section elementor-top-section elementor-element elementor-element-ad2eadb elementor-section-boxed elementor-section-height-default elementor-section-height-default\" data-id=\"ad2eadb\" data-element_type=\"section\">\n\t\t\t\t\t\t<div class=\"elementor-container elementor-column-gap-default\">\n\t\t\t\t\t<div class=\"elementor-column elementor-col-100 elementor-top-column elementor-element elementor-element-18fbb02\" data-id=\"18fbb02\" data-element_type=\"column\">\n\t\t\t<div class=\"elementor-widget-wrap elementor-element-populated\">\n\t\t\t\t\t\t\t\t<div class=\"elementor-element elementor-element-94f8a46 elementor-widget elementor-widget-image\" data-id=\"94f8a46\" data-element_type=\"widget\" data-widget_type=\"image.default\">\n\t\t\t\t<div class=\"elementor-widget-container\">\n\t\t\t\t\t\t\t\t\t\t\t\t\t\t\t<img decoding=\"async\" src=\"https:\/\/www.happy-culture.fr\/wp-content\/uploads\/elementor\/thumbs\/Happy-culture-4-pmme8kz948pq92d96ry731x6p62p8pyyi9eoux2mho.png\" title=\"Happy culture (4)\" alt=\"Happy culture (4)\" loading=\"lazy\" \/>\t\t\t\t\t\t\t\t\t\t\t\t\t\t\t<\/div>\n\t\t\t\t<\/div>\n\t\t\t\t\t<\/div>\n\t\t<\/div>\n\t\t\t\t\t\t\t<\/div>\n\t\t<\/section>\n\t\t\t\t\t\t\t<\/div>","protected":false},"excerpt":{"rendered":"<p>Du kennst Lyon und willst hier trotzdem etwas Neues entdecken? Dann wird dir die folgende Tour absteits der Touristenattraktionen gefallen!<\/p>","protected":false},"author":1,"featured_media":1644,"parent":0,"menu_order":0,"comment_status":"closed","ping_status":"closed","template":"","meta":{"footnotes":""},"acf":[],"_links":{"self":[{"href":"https:\/\/www.happy-culture.fr\/de\/wp-json\/wp\/v2\/pages\/1519"}],"collection":[{"href":"https:\/\/www.happy-culture.fr\/de\/wp-json\/wp\/v2\/pages"}],"about":[{"href":"https:\/\/www.happy-culture.fr\/de\/wp-json\/wp\/v2\/types\/page"}],"author":[{"embeddable":true,"href":"https:\/\/www.happy-culture.fr\/de\/wp-json\/wp\/v2\/users\/1"}],"replies":[{"embeddable":true,"href":"https:\/\/www.happy-culture.fr\/de\/wp-json\/wp\/v2\/comments?post=1519"}],"version-history":[{"count":47,"href":"https:\/\/www.happy-culture.fr\/de\/wp-json\/wp\/v2\/pages\/1519\/revisions"}],"predecessor-version":[{"id":1781,"href":"https:\/\/www.happy-culture.fr\/de\/wp-json\/wp\/v2\/pages\/1519\/revisions\/1781"}],"wp:featuredmedia":[{"embeddable":true,"href":"https:\/\/www.happy-culture.fr\/de\/wp-json\/wp\/v2\/media\/1644"}],"wp:attachment":[{"href":"https:\/\/www.happy-culture.fr\/de\/wp-json\/wp\/v2\/media?parent=1519"}],"curies":[{"name":"wp","href":"https:\/\/api.w.org\/{rel}","templated":true}]}}